{"id":16,"date":"2025-01-27T08:51:21","date_gmt":"2025-01-27T07:51:21","guid":{"rendered":"https:\/\/brunovillamor.gal\/?page_id=16"},"modified":"2025-05-13T11:34:57","modified_gmt":"2025-05-13T09:34:57","slug":"legal","status":"publish","type":"page","link":"https:\/\/brunovillamor.gal\/es\/legal\/","title":{"rendered":"Aviso Legal"},"content":{"rendered":"<div data-elementor-type=\"wp-page\" data-elementor-id=\"16\" class=\"elementor elementor-16\" data-elementor-post-type=\"page\">\n\t\t\t\t<div class=\"elementor-element elementor-element-152fea3 e-flex e-con-boxed e-con e-parent\" data-id=\"152fea3\" data-element_type=\"container\" data-e-type=\"container\">\n\t\t\t\t\t<div class=\"e-con-inner\">\n\t\t\t\t<div class=\"elementor-element elementor-element-2c69eb7 elementor-widget elementor-widget-heading\" data-id=\"2c69eb7\" data-element_type=\"widget\" data-e-type=\"widget\" data-widget_type=\"heading.default\">\n\t\t\t\t<div class=\"elementor-widget-container\">\n\t\t\t\t\t<h2 class=\"elementor-heading-title elementor-size-default\">Aviso Legal<\/h2>\t\t\t\t<\/div>\n\t\t\t\t<\/div>\n\t\t\t\t<div class=\"elementor-element elementor-element-cdfb51e elementor-widget elementor-widget-text-editor\" data-id=\"cdfb51e\" data-element_type=\"widget\" data-e-type=\"widget\" data-widget_type=\"text-editor.default\">\n\t\t\t\t<div class=\"elementor-widget-container\">\n\t\t\t\t\t\t\t\t\t<div class=\"tpart\">I. Informaci\u00f3n general En cumplimiento con el deber de informaci\u00f3n previsto en la ley 34\/2002 de servicios de la Sociedad de la Informaci\u00f3n y de comercio electr\u00f3nico (LSSI-CE) el 11 de julio, los siguientes datos de informaci\u00f3n general de este sitio web muestra lo siguiente: La propiedad de este sitio web, brunovillamor.gal, (en adelante, la web) se celebra: <strong>Bruno Villamor Gay<\/strong>, con NIF: <strong>3336732A<\/strong>y cuyos datos de contacto son: Direcci\u00f3n:<strong> Rua \u00c1lvaro Gil 5, 3\u00baB 27004 Lugo<\/strong> Tel\u00e9fono de contacto: <strong>+34649421507<\/strong> Correo electr\u00f3nico de contacto: <strong>brunovillamor@gmail.com<\/strong> II. T\u00e9rminos y condiciones generales de uso del objeto de las condiciones: la p\u00e1gina web es El objeto de estas condiciones generales de uso (en adelante las condiciones) es la de regular el acceso y el uso del sitio web. Para los efectos de las presentes condiciones, la apariencia externa de las interfaces de la pantalla es entendida como un sitio, tanto de forma est\u00e1tica como de forma din\u00e1mica, es decir, el \u00e1rbol de navegaci\u00f3n; y todos los elementos integrados tanto en los interfaces de pantalla como en el \u00e1rbol de navegaci\u00f3n (en adelante el contenido), y todos aquellos servicios o recursos en l\u00ednea que en su caso se ofrezcan a los usuarios (en adelante, servicios). Bruno Villamor Gay se reserva la facultad de modificar, en cualquier momento, y sin aviso previo, la presentaci\u00f3n y configuraci\u00f3n del sitio web y de los contenidos y servicios que se podr\u00edan incorporar a la misma. El usuario reconoce y acepta que en cualquier momento Bruno Villamor Gay puede interrumpir, desactivar y\/o cancelar cualquiera de estos elementos que se integran en el sitio web o el acceso a ellos. El acceso al sitio web por parte del usuario es gratuito y, como regla general, es libre, sin que el usuario tenga que tener en cuenta para disfrutar de ella, excepto en relaci\u00f3n con el coste de conexi\u00f3n a trav\u00e9s de la red de telecomunicaciones suministrada por el proveedor de acceso hab\u00eda sido Contratado para el usuario. El uso de cualquiera de los contenidos o servicios del sitio puede ser sostenido por la suscripci\u00f3n o registro del usuario anterior. El usuario tiene El acceso, navegaci\u00f3n y uso del sitio web, as\u00ed como por los espacios despejados para la interacci\u00f3n entre los usuarios y el usuario y Bruno Villamor Gay, como los ex\u00e1menes y\/o los espacios de los blogs, le confiere la condici\u00f3n de usuario, por lo que se aceptan, desde la navegaci\u00f3n por el sitio web se puso en marcha, todas las condiciones aqu\u00ed expuestos, as\u00ed como sus modificaciones, sin que corresponden a una aplicaci\u00f3n. Reglamento. Dada la relevancia de lo anterior, se recomienda al usuario leerlas cada vez que visite el sitio web. El sitio web de Bruno Villamor Gay ofrece una gran diversidad de informaci\u00f3n, servicios y datos. El usuario asume su responsabilidad de hacer un uso correcto del sitio web. Esta responsabilidad ampliarase a: A. el Uso de la informaci\u00f3n, contenidos y\/o servicios y datos ofrecidos por Bruno Villamor Gay sin ser contrario a las disposiciones de las presentes condiciones, la ley, la moral o el orden p\u00fablico, o que de cualquier otro modo puedan suponer lesi\u00f3n de los derechos de terceros o del mismo funcionamiento del sitio. La veracidad y licitud de las informaciones aportadas por el usuario en los formularios extendidos por Bruno Villamor Gay para el acceso a ciertos contenidos o servicios ofrecidos por el sitio web. En cualquier caso, el usuario deber\u00e1 notificar inmediatamente a el Bruno Villamor Gay acerca de cualquier hecho que permita el uso indebido de la informaci\u00f3n registrada en estos formularios, tales como, pero no s\u00f3lo, el robo, extrav\u00edo, o el acceso no autorizado al dispositivo de los identificadores y\/o contrase\u00f1as, para proceder a la cancelaci\u00f3n de inmediato. Bruno Villamor Gay se reserva el derecho de retirar todos aquellos comentarios y aportaciones que vulneren la ley, el respeto a la dignidad de la Persona, que sean discriminatorios, xen\u00f3fobos, racistas, pornogr\u00e1ficos, spaming, que amenazan a la juventud o la infancia, el orden o la seguridad p\u00fablica o que, en su opini\u00f3n, no ser\u00e1n adecuados para su publicaci\u00f3n. En cualquier caso, Bruno Villamor Gay no ser\u00e1 responsable de las opiniones vertidas por los usuarios a trav\u00e9s de comentarios o en otras herramientas de blogs o de la participaci\u00f3n que pudiera existir. El simple acceso a este sitio web no implica ning\u00fan tipo de relaci\u00f3n comercial entre Bruno Villamor Gay y el usuario. El usuario declara que es mayor de edad legal y elimina la capacidad de enfriar lo suficiente como para enlace debido a estas condiciones. Por lo tanto, este sitio Bruno Villamor Gay no est\u00e1 dirigido a menores de edad. Bruno Villamor Gay, declina cualquier responsabilidad por el incumplimiento de este requisito. El sitio est\u00e1 dirigida principalmente a los usuarios que residen en Espa\u00f1a. Bruno Villamor Gay yo no garantiza que el sitio web cumple con la Legislaci\u00f3n de otros pa\u00edses, total o parcialmente. Si el usuario vive o tiene su domicilio en otro lugar y decide acceso y\/o navegar en el sitio web har\u00e1 bajo su propia responsabilidad, usted debe asegurarse de que dicho acceso y navegaci\u00f3n cumplir con la legislaci\u00f3n local que si se aplica, no asumiendo el Bruno Villamor Gay cualquier responsabilidad que puedan derivarse de dicho acceso. Iii. El acceso y navegaci\u00f3n en el sitio web: exclusi\u00f3n de garant\u00edas y de responsabilidad Bruno Villamor Gay no garantiza la continuidad, disponibilidad y utilidad del sitio web o el contenido o servicios. Bruno Villamor Gay va a hacer todo lo posible para el buen funcionamiento de la p\u00e1gina, sin embargo, no es responsable ni garantiza que el acceso a este sitio web no ininterrumpase o que est\u00e9 libre de errores. Tambi\u00e9n es no se hace responsable ni garantiza que el contenido o software al que usted pueda acceder a trav\u00e9s de este sitio web, es libre de error o de causar da\u00f1o a su sistema inform\u00e1tico (software y hardware) del usuario. En ning\u00fan caso Bruno Villamor Gay ser\u00e1 responsable por las p\u00e9rdidas, da\u00f1os o perjuicios de cualquier tipo que surjan por el acceso, navegaci\u00f3n y uso del sitio web, incluyendo, pero no limit\u00e1ndose, a los ocasionados a los sistemas inform\u00e1ticos o los provocados por la introducci\u00f3n de virus. Bruno Villamor Gay no es responsable de los perjuicios que pueda causar a los usuarios por un uso inadecuado de este sitio web. En particular, no se hace responsable de ninguna de las ca\u00eddas, interrupciones, falta o defecto de las telecomunicaciones que pudieran ocurrir. Iv. La pol\u00edtica de los enlaces En el sitio web de Bruno Villamor Gay lugar o usted puede poner a disposici\u00f3n de los usuarios conectados a los medios de comunicaci\u00f3n (como, entre otros, links, banners, botones), directorios y motores de b\u00fasqueda que permiten a los usuarios acceder a sitios web pertenecientes y\/o gestionados por terceros. La instalaci\u00f3n de estos enlaces, directorios y motores de b\u00fasqueda en el portal tiene como objetivo facilitar a los usuarios la b\u00fasqueda y acceso a la informaci\u00f3n disponible en Internet, sin considerarse una sugerencia, recomendaci\u00f3n o invitaci\u00f3n para la visita. Bruno Villamor Gay no ofrece, ni comercializa por s\u00ed ni por medio de tercero los productos y\/o servicios disponibles en los sitios vinculados. De la misma manera, ni garantizar\u00e1 la disponibilidad t\u00e9cnica, exactitud, veracidad, validez o legalidad de p\u00e1ginas web ajenas a su propiedad a las que se puede acceder a trav\u00e9s de los enlaces. Bruno Villamor Gay en cualquier caso, de revisi\u00f3n ni de vigilar los contenidos de otros sitios web, ni para aprobar, proceder\u00e1 a examinar o causar los productos y los servicios, contenido, archivos y cualquier otra clase de material existente en los sitios enlazados antes mencionados. Bruno Villamor Gay no asume ninguna responsabilidad por da\u00f1os que puedan ser causados por el acceso, uso, calidad o legalidad de los contenidos, comunicaciones, Opiniones, productos y servicios de los sitios web no gestionados por Bruno Villamor Gay y que est\u00e9n vinculadas a este website. El usuario o de un tercero para hacer un hiperv\u00ednculo de un sitio web, distinto, diferente, en el sitio de Bruno Villamor Gay debe saber que: La reproducci\u00f3n no est\u00e1 permitida \u2013 total o parcialmente \u2013 ninguno de los contenidos y\/o servicios del sitio web sin el permiso expreso de Bruno Villamor Gay. Tambi\u00e9n se manifiesta en un falso, err\u00f3neo o indebido en el sitio web de Bruno Villamor Gay, ni en sus contenidos y\/o servicios. Con la excepci\u00f3n del &#034;hiperenlace&#034;, la p\u00e1gina web en la que se establece el hiperenlace no contendr\u00e1 ning\u00fan elemento de esta web, obras protegidas como propiedad intelectual por el ordenamiento jur\u00eddico espa\u00f1ol, salvo con la autorizaci\u00f3n expresa de Bruno Villamor Gay. El establecimiento del hiperv\u00ednculo no implicar\u00e1 la existencia de relaciones entre Bruno Villamor Gay y la cabeza de la p\u00e1gina web Desde la que, en caso de llevarse a cabo, ni el conocimiento y aceptaci\u00f3n de Bruno Villamor Gay contenidos, servicios y\/o actividades que se ofrecen en este sitio web y viceversa. V. Propiedad intelectual e industrial Bruno Villamor Gay por s\u00ed mismo o como parte del cesionario, es titular de todos los derechos de propiedad intelectual e industrial del sitio web, as\u00ed como de los elementos contenidos en la misma (a trav\u00e9s de la entrega y no exhaustivo, im\u00e1genes, sonido, audio, v\u00eddeo, software o textos; marcas o logotipos, combinaciones de colores). Por lo tanto, ser\u00e1n protegidas como propiedad intelectual por el ordenamiento jur\u00eddico espa\u00f1ol, siendo aplicable tanto a la normativa espa\u00f1ola como de la comunidad en este campo, as\u00ed como los tratados internacionales relativos a la materia y suscritos por Espa\u00f1a. Todos los derechos reservados. En virtud de las disposiciones de la ley Se proh\u00edbe la propiedad intelectual, la reproducci\u00f3n, la distribuci\u00f3n y la comunicaci\u00f3n p\u00fablica, incluida su modalidad de poner a disposici\u00f3n, de la totalidad o parte de los contenidos de esta p\u00e1gina web, con fines comerciales, en cualquier soporte y por cualquier medio t\u00e9cnico, sin la autorizaci\u00f3n de Bruno Villamor Gay. El usuario se compromete a respetar los derechos de propiedad intelectual e industrial Bruno Villamor Gay. Usted puede visualizar los elementos del sitio web o incluso imprimirlos, copiarlos y almacenarlos en el disco duro de su ordenador o en cualquier otro soporte f\u00edsico siempre y que es, exclusivamente, para su uso personal. Sin embargo, el usuario no ser\u00e1 capaz de suprimir, modificar o manipular cualquier dispositivo de protecci\u00f3n o sistema de seguridad instalado en el sitio web. En el caso de que el usuario o un tercero considere que cualquiera de los contenidos de la p\u00e1gina web implica una violaci\u00f3n de los derechos de protecci\u00f3n de la propiedad Intelectual, usted debe reportarlo inmediatamente a Bruno Villamor Gay a trav\u00e9s de los datos de contacto de la secci\u00f3n de informaci\u00f3n general de este aviso legal y condiciones generales de uso. VI. Acciones legales, legislaci\u00f3n aplicable y jurisdicci\u00f3n Bruno Villamor Gay se reserva la facultad de presentar las acciones civiles o penales que considere necesarios para el uso inadecuado del sitio y de los contenidos o por el incumplimiento de estas condiciones. La relaci\u00f3n entre el usuario y Bruno Villamor Gay se regir\u00e1 por las reglas de la corriente y aplicaciones en el territorio espa\u00f1ol. Si surge alguna controversia respecto a la interpretaci\u00f3n y\/o con la aplicaci\u00f3n de las presentes condiciones, las partes enviaron sus controversias a la jurisdicci\u00f3n de los ordinarios para enviar a los jueces y tribunales que correspondan a la ley.<\/div>\t\t\t\t\t\t\t\t<\/div>\n\t\t\t\t<\/div>\n\t\t\t\t\t<\/div>\n\t\t\t\t<\/div>\n\t\t\t\t<\/div>","protected":false},"excerpt":{"rendered":"<p>Aviso legal I. Informaci\u00f3n xeral En cumprimento do deber de informaci\u00f3n proporcionado na lei 34\/2002 sobre os servizos da Sociedade da Informaci\u00f3n e o comercio electr\u00f3nico (LSSI-CE) do 11 de xullo, os seguintes datos de informaci\u00f3n xeral deste sitio web facil\u00edtanse a continuaci\u00f3n: A propiedade deste sitio web, brunovillamor.gal, (en diante, sitio web) cel\u00e9brase: Bruno [&hellip;]<\/p>\n","protected":false},"author":2,"featured_media":0,"parent":0,"menu_order":0,"comment_status":"closed","ping_status":"open","template":"elementor_header_footer","meta":{"_acf_changed":false,"_joinchat":[],"footnotes":""},"class_list":["post-16","page","type-page","status-publish","hentry"],"acf":[],"yoast_head":"<!-- This site is optimized with the Yoast SEO plugin v27.4 - https:\/\/yoast.com\/product\/yoast-seo-wordpress\/ -->\n<title>Aviso legal - Bruno Villamor Gay<\/title>\n<meta name=\"robots\" content=\"noindex, follow\" \/>\n<meta property=\"og:locale\" content=\"es_ES\" \/>\n<meta property=\"og:type\" content=\"article\" \/>\n<meta property=\"og:title\" content=\"Aviso legal - Bruno Villamor Gay\" \/>\n<meta property=\"og:description\" content=\"Aviso legal I. Informaci\u00f3n xeral En cumprimento do deber de informaci\u00f3n proporcionado na lei 34\/2002 sobre os servizos da Sociedade da Informaci\u00f3n e o comercio electr\u00f3nico (LSSI-CE) do 11 de xullo, os seguintes datos de informaci\u00f3n xeral deste sitio web facil\u00edtanse a continuaci\u00f3n: A propiedade deste sitio web, brunovillamor.gal, (en diante, sitio web) cel\u00e9brase: Bruno [&hellip;]\" \/>\n<meta property=\"og:url\" content=\"https:\/\/brunovillamor.gal\/es\/legal\/\" \/>\n<meta property=\"og:site_name\" content=\"Bruno Villamor Gay\" \/>\n<meta property=\"article:modified_time\" content=\"2025-05-13T09:34:57+00:00\" \/>\n<meta name=\"twitter:card\" content=\"summary_large_image\" \/>\n<meta name=\"twitter:label1\" content=\"Tiempo de lectura\" \/>\n\t<meta name=\"twitter:data1\" content=\"8 minutos\" \/>\n<script type=\"application\/ld+json\" class=\"yoast-schema-graph\">{\"@context\":\"https:\\\/\\\/schema.org\",\"@graph\":[{\"@type\":\"WebPage\",\"@id\":\"https:\\\/\\\/brunovillamor.gal\\\/legal\\\/\",\"url\":\"https:\\\/\\\/brunovillamor.gal\\\/legal\\\/\",\"name\":\"Aviso legal - Bruno Villamor Gay\",\"isPartOf\":{\"@id\":\"https:\\\/\\\/brunovillamor.gal\\\/#website\"},\"datePublished\":\"2025-01-27T07:51:21+00:00\",\"dateModified\":\"2025-05-13T09:34:57+00:00\",\"breadcrumb\":{\"@id\":\"https:\\\/\\\/brunovillamor.gal\\\/legal\\\/#breadcrumb\"},\"inLanguage\":\"es\",\"potentialAction\":[{\"@type\":\"ReadAction\",\"target\":[\"https:\\\/\\\/brunovillamor.gal\\\/legal\\\/\"]}]},{\"@type\":\"BreadcrumbList\",\"@id\":\"https:\\\/\\\/brunovillamor.gal\\\/legal\\\/#breadcrumb\",\"itemListElement\":[{\"@type\":\"ListItem\",\"position\":1,\"name\":\"Portada\",\"item\":\"https:\\\/\\\/brunovillamor.gal\\\/\"},{\"@type\":\"ListItem\",\"position\":2,\"name\":\"Aviso legal\"}]},{\"@type\":\"WebSite\",\"@id\":\"https:\\\/\\\/brunovillamor.gal\\\/#website\",\"url\":\"https:\\\/\\\/brunovillamor.gal\\\/\",\"name\":\"Bruno Villamor Gay\",\"description\":\"\",\"publisher\":{\"@id\":\"https:\\\/\\\/brunovillamor.gal\\\/#organization\"},\"potentialAction\":[{\"@type\":\"SearchAction\",\"target\":{\"@type\":\"EntryPoint\",\"urlTemplate\":\"https:\\\/\\\/brunovillamor.gal\\\/?s={search_term_string}\"},\"query-input\":{\"@type\":\"PropertyValueSpecification\",\"valueRequired\":true,\"valueName\":\"search_term_string\"}}],\"inLanguage\":\"es\"},{\"@type\":\"Organization\",\"@id\":\"https:\\\/\\\/brunovillamor.gal\\\/#organization\",\"name\":\"Bruno Villamor Gay\",\"url\":\"https:\\\/\\\/brunovillamor.gal\\\/\",\"logo\":{\"@type\":\"ImageObject\",\"inLanguage\":\"es\",\"@id\":\"https:\\\/\\\/brunovillamor.gal\\\/#\\\/schema\\\/logo\\\/image\\\/\",\"url\":\"https:\\\/\\\/brunovillamor.gal\\\/wp-content\\\/uploads\\\/2025\\\/01\\\/logo_web-01-scaled.png\",\"contentUrl\":\"https:\\\/\\\/brunovillamor.gal\\\/wp-content\\\/uploads\\\/2025\\\/01\\\/logo_web-01-scaled.png\",\"width\":2048,\"height\":728,\"caption\":\"Bruno Villamor Gay\"},\"image\":{\"@id\":\"https:\\\/\\\/brunovillamor.gal\\\/#\\\/schema\\\/logo\\\/image\\\/\"}}]}<\/script>\n<!-- \/ Yoast SEO plugin. -->","yoast_head_json":{"title":"Aviso legal - Bruno Villamor Gay","robots":{"index":"noindex","follow":"follow"},"og_locale":"es_ES","og_type":"article","og_title":"Aviso legal - Bruno Villamor Gay","og_description":"Aviso legal I. Informaci\u00f3n xeral En cumprimento do deber de informaci\u00f3n proporcionado na lei 34\/2002 sobre os servizos da Sociedade da Informaci\u00f3n e o comercio electr\u00f3nico (LSSI-CE) do 11 de xullo, os seguintes datos de informaci\u00f3n xeral deste sitio web facil\u00edtanse a continuaci\u00f3n: A propiedade deste sitio web, brunovillamor.gal, (en diante, sitio web) cel\u00e9brase: Bruno [&hellip;]","og_url":"https:\/\/brunovillamor.gal\/es\/legal\/","og_site_name":"Bruno Villamor Gay","article_modified_time":"2025-05-13T09:34:57+00:00","twitter_card":"summary_large_image","twitter_misc":{"Tiempo de lectura":"8 minutos"},"schema":{"@context":"https:\/\/schema.org","@graph":[{"@type":"WebPage","@id":"https:\/\/brunovillamor.gal\/legal\/","url":"https:\/\/brunovillamor.gal\/legal\/","name":"Aviso legal - Bruno Villamor Gay","isPartOf":{"@id":"https:\/\/brunovillamor.gal\/#website"},"datePublished":"2025-01-27T07:51:21+00:00","dateModified":"2025-05-13T09:34:57+00:00","breadcrumb":{"@id":"https:\/\/brunovillamor.gal\/legal\/#breadcrumb"},"inLanguage":"es","potentialAction":[{"@type":"ReadAction","target":["https:\/\/brunovillamor.gal\/legal\/"]}]},{"@type":"BreadcrumbList","@id":"https:\/\/brunovillamor.gal\/legal\/#breadcrumb","itemListElement":[{"@type":"ListItem","position":1,"name":"Portada","item":"https:\/\/brunovillamor.gal\/"},{"@type":"ListItem","position":2,"name":"Aviso legal"}]},{"@type":"WebSite","@id":"https:\/\/brunovillamor.gal\/#website","url":"https:\/\/brunovillamor.gal\/","name":"Bruno Villamor Gay","description":"","publisher":{"@id":"https:\/\/brunovillamor.gal\/#organization"},"potentialAction":[{"@type":"SearchAction","target":{"@type":"EntryPoint","urlTemplate":"https:\/\/brunovillamor.gal\/?s={search_term_string}"},"query-input":{"@type":"PropertyValueSpecification","valueRequired":true,"valueName":"search_term_string"}}],"inLanguage":"es"},{"@type":"Organization","@id":"https:\/\/brunovillamor.gal\/#organization","name":"Bruno Villamor Gay","url":"https:\/\/brunovillamor.gal\/","logo":{"@type":"ImageObject","inLanguage":"es","@id":"https:\/\/brunovillamor.gal\/#\/schema\/logo\/image\/","url":"https:\/\/brunovillamor.gal\/wp-content\/uploads\/2025\/01\/logo_web-01-scaled.png","contentUrl":"https:\/\/brunovillamor.gal\/wp-content\/uploads\/2025\/01\/logo_web-01-scaled.png","width":2048,"height":728,"caption":"Bruno Villamor Gay"},"image":{"@id":"https:\/\/brunovillamor.gal\/#\/schema\/logo\/image\/"}}]}},"_links":{"self":[{"href":"https:\/\/brunovillamor.gal\/es\/wp-json\/wp\/v2\/pages\/16","targetHints":{"allow":["GET"]}}],"collection":[{"href":"https:\/\/brunovillamor.gal\/es\/wp-json\/wp\/v2\/pages"}],"about":[{"href":"https:\/\/brunovillamor.gal\/es\/wp-json\/wp\/v2\/types\/page"}],"author":[{"embeddable":true,"href":"https:\/\/brunovillamor.gal\/es\/wp-json\/wp\/v2\/users\/2"}],"replies":[{"embeddable":true,"href":"https:\/\/brunovillamor.gal\/es\/wp-json\/wp\/v2\/comments?post=16"}],"version-history":[{"count":5,"href":"https:\/\/brunovillamor.gal\/es\/wp-json\/wp\/v2\/pages\/16\/revisions"}],"predecessor-version":[{"id":1239,"href":"https:\/\/brunovillamor.gal\/es\/wp-json\/wp\/v2\/pages\/16\/revisions\/1239"}],"wp:attachment":[{"href":"https:\/\/brunovillamor.gal\/es\/wp-json\/wp\/v2\/media?parent=16"}],"curies":[{"name":"wp","href":"https:\/\/api.w.org\/{rel}","templated":true}]}}