{"id":17,"date":"2025-01-27T08:51:41","date_gmt":"2025-01-27T07:51:41","guid":{"rendered":"https:\/\/brunovillamor.gal\/?page_id=17"},"modified":"2025-05-13T11:32:52","modified_gmt":"2025-05-13T09:32:52","slug":"privacidad","status":"publish","type":"page","link":"https:\/\/brunovillamor.gal\/es\/privacidad\/","title":{"rendered":"Pol\u00edtica de privacidad"},"content":{"rendered":"<div data-elementor-type=\"wp-page\" data-elementor-id=\"17\" class=\"elementor elementor-17\" data-elementor-post-type=\"page\">\n\t\t\t\t<div class=\"elementor-element elementor-element-43917b3 e-flex e-con-boxed e-con e-parent\" data-id=\"43917b3\" data-element_type=\"container\" data-e-type=\"container\">\n\t\t\t\t\t<div class=\"e-con-inner\">\n\t\t\t\t<div class=\"elementor-element elementor-element-234ea03 elementor-widget elementor-widget-heading\" data-id=\"234ea03\" data-element_type=\"widget\" data-e-type=\"widget\" data-widget_type=\"heading.default\">\n\t\t\t\t<div class=\"elementor-widget-container\">\n\t\t\t\t\t<h2 class=\"elementor-heading-title elementor-size-default\">Pol\u00edtica de privacidad<\/h2>\t\t\t\t<\/div>\n\t\t\t\t<\/div>\n\t\t\t\t<div class=\"elementor-element elementor-element-4361d04 elementor-widget elementor-widget-text-editor\" data-id=\"4361d04\" data-element_type=\"widget\" data-e-type=\"widget\" data-widget_type=\"text-editor.default\">\n\t\t\t\t<div class=\"elementor-widget-container\">\n\t\t\t\t\t\t\t\t\t<p>I. Pol\u00edtica de privacidad y protecci\u00f3n de datos, Respetando las disposiciones de la legislaci\u00f3n vigente, Bruno Villamor Gay (en adelante, el sitio web) se compromete a adoptar las medidas t\u00e9cnicas y organizativas necesarias, seg\u00fan el nivel de seguridad adecuado al riesgo de los datos recogidos. Leyes incorporado esta pol\u00edtica de privacidad Esta Pol\u00edtica de privacidad est\u00e1 adaptado a la normativa espa\u00f1ola y europea vigente sobre la protecci\u00f3n de datos personales en internet. Espec\u00edficamente, con respecto a las siguientes normas: Reglamento (UE) 2016\/679 del Parlamento Europeo y del Consejo, de 27 de abril de 2016 en la protecci\u00f3n de las personas f\u00edsicas con respecto al tratamiento de datos personales y a la libre circulaci\u00f3n de estos datos (GDPR). La ley org\u00e1nica 3\/2018, de 5 de diciembre, de protecci\u00f3n de datos de car\u00e1cter personal y la garant\u00eda de los derechos digitales (LOPD-GDD). El real Decreto 1720\/2007, de 21 de diciembre, por el que se aprueba el reglamento de Desarrollo de la ley org\u00e1nica 15\/1999, de 13 de diciembre, de protecci\u00f3n de datos de car\u00e1cter personal (RDLOPD). La ley 34\/2002, de 11 de julio, de servicios de la sociedad de la informaci\u00f3n y de comercio electr\u00f3nico (LSSI-CE). La identidad de la persona responsable del tratamiento de los datos personales de La persona responsable del tratamiento de los datos personales recogidos en Bruno Villamor Gay es: <strong>Bruno Villamor Gay<\/strong>, con NIF: <strong>3336732A<\/strong> (en adelante, el responsable del tratamiento). Su informaci\u00f3n de contacto es la siguiente: Direcci\u00f3n: <strong>Rua \u00c1lvaro Gil 5, 3\u00baB 27004 Lugo<\/strong> Tel\u00e9fono de contacto: <strong>+34649421507<\/strong> Correo electr\u00f3nico de contacto: <strong>brunovillamor@gmail.com<\/strong> Rexistro de datos persoais En cumprimento das disposici\u00f3ns do GDPR e do LOPD-GDD, inform\u00e1mosche de que os datos persoais recollidos por Bruno Villamor Gay, a trav\u00e9s dos formularios estendidos nas s\u00faas p\u00e1xinas se incorporar\u00e1n e ser\u00e1n tratados no noso arquivo para facilitar, axilizar e cumprir os compromisos establecidos establecidos Entre Bruno Villamor Gay e o usuario ou o mantemento da relaci\u00f3n establecida nas formas que relaciona ou para cumprir unha solicitude ou consulta do mesmo. Do mesmo xeito, de acordo coas disposici\u00f3ns do GDPR e o LOPD-GDD, a non ser que a excepci\u00f3n prevista no artigo 30.5 do GDPR sexa aplicable, un rexistro de actividades de tratamento especifica, segundo os seus prop\u00f3sitos, mantense as actividades de tratamento realizadas e as outras circunstancias establecidas no RGPD. Principios aplicables ao procesamento de datos persoais O procesamento dos datos persoais do usuario enviarase aos seguintes principios inclu\u00eddos no artigo 5 do RGPD e no artigo 4 e seguindo a lei org\u00e1nica 3\/2018, do 5 de decembro, sobre a protecci\u00f3n de datos persoais e a garant\u00eda de dereitos dixitais: Principio de legalidade, lealdade e transparencia: o consentimento do usuario ser\u00e1 necesario en todo momento. transparente dos fins para os que se recolle datos persoais. Principio de limitaci\u00f3n do prop\u00f3sito: recolleranse datos persoais con fins determinados, expl\u00edcitos e lex\u00edtimos. Principio de minimizaci\u00f3n de datos: os datos persoais recollidos ser\u00e1n s\u00f3 os estrictamente necesarios en relaci\u00f3n cos obxectivos para os que sexan tratados. Principio de precisi\u00f3n: os datos persoais deben ser exactos e sempre actualizados. Principio de limitaci\u00f3n do per\u00edodo de conservaci\u00f3n: os datos persoais s\u00f3 se manter\u00e1n para que se permita a identificaci\u00f3n do usuario durante o tempo necesario para os efectos do seu tratamento. Principio de integridade e confidencialidade: os datos persoais ser\u00e1n tratados para que se garantan a s\u00faa seguridade e confidencialidade. Principio de responsabilidade proactiva: a persoa encargada do tratamento ser\u00e1 a responsable de garantir que se cumpran os principios anteriores. Categor\u00edas de datos persoais As categor\u00edas de datos tratados en Bruno Villamor Gay s\u00f3 identifican datos. En ning\u00fan caso, discuten categor\u00edas especiais de datos persoais no sentido do artigo 9 do GDPR. Base legal para o procesamento de datos persoais A base legal para o procesamento de datos persoais \u00e9 o consentimento. Bruno Villamor Gay compromete a recoller o consentimento expreso e verificable do usuario para o procesamento dos seus datos persoais para un ou m\u00e1is fins espec\u00edficos. O usuario ter\u00e1 dereito a retirar o seu consentimento en calquera momento. Ser\u00e1 tan sinxelo retirar o consentimento como darlle. Por regra xeral, a retirada do consentimento non condicionar\u00e1 o uso do sitio web. Nas ocasi\u00f3ns en que o usuario debe ou pode facilitar os seus datos a trav\u00e9s de formularios para consultar, solicitar informaci\u00f3n ou por motivos relacionados co contido do sitio web, informarase no caso de que a realizaci\u00f3n dalg\u00fan deles sexa obrigatorio porque son esenciais para o correcto desenvolvemento da operaci\u00f3n realizada. Prop\u00f3sitos de tratamento aos que est\u00e1n destinados os datos persoais Os datos persoais son recollidos e xestionados por Bruno Villamor Gay para facilitar, axilizar e cumprir os compromisos establecidos entre o sitio web e o usuario ou o mantemento da relaci\u00f3n establecida nos formularios que estes \u00faltimos exercicios ou para cumprir unha solicitude ou consulta. Do mesmo xeito, os datos poden usarse para unha personalizaci\u00f3n comercial, prop\u00f3sito operativo e estat\u00edstico e actividades do prop\u00f3sito corporativo de Bruno Villamor Gay, as\u00ed como para a extracci\u00f3n, os estudos de almacenamento de datos e mercadotecnia para adaptar o contido ofrecido ao usuario, as\u00ed como mellorar a calidade, a operaci\u00f3n e a navegaci\u00f3n a trav\u00e9s do sitio web. No momento en que se obte\u00f1en os datos persoais, o usuario estar\u00e1 informado sobre o final ou os fins espec\u00edficos do tratamento aos que se asignar\u00e1n datos persoais; \u00e9 dicir, do uso ou usos que se dar\u00e1n \u00e1 informaci\u00f3n recollida. Per\u00edodos de retenci\u00f3n de datos persoais Os datos persoais s\u00f3 se celebrar\u00e1n durante o tempo m\u00ednimo necesario para os efectos do seu tratamento e, en todo caso, s\u00f3 durante o seguinte prazo: 12, ou ata que o usuario solicite a s\u00faa supresi\u00f3n. No momento en que se obte\u00f1a datos persoais, o usuario estar\u00e1 informado sobre o prazo durante o cal se conservar\u00e1 os datos persoais ou, cando iso non sexa posible, os criterios empregados para determinar este per\u00edodo. Destinatarios de datos persoais Os datos persoais do usuario compartiranse cos seguintes ou destinatarios: No caso de que a persoa encargada do tratamento pretenda transferir datos persoais a un terceiro pa\u00eds ou organizaci\u00f3n internacional, no momento en que se obte\u00f1en os datos persoais, informarase o usuario sobre do terceiro pa\u00eds ou organizaci\u00f3n internacional \u00e1 que se pretende transferir os datos, as\u00ed como a existencia ou ausencia dunha decisi\u00f3n de adaptar a Comisi\u00f3n. Datos persoais de menores Respectando as disposici\u00f3ns dos artigos 8 do RGPD e 7 da Lei org\u00e1nica 3\/2018, do 5 de decembro, sobre a protecci\u00f3n de datos persoais e garant\u00eda de dereitos dixitais, s\u00f3 os maiores de 14 anos poder\u00e1n conceder o seu consentimento para o procesamento dos seus datos persoais legalmente por Bruno Villamor Gay. Se se trata de 14 anos, ser\u00e1 necesario o consentimento de pais ou titores para o tratamento, e isto s\u00f3 se considerar\u00e1 l\u00edcito na medida en que o autorizaron. Secreto e seguridade dos datos persoais Bruno Villamor Gay comprom\u00e9tese a adoptar as medidas t\u00e9cnicas e organizativas necesarias, segundo o nivel de seguridade adecuado ao risco dos datos recollidos, de xeito que a seguridade do Os datos persoais e a destruci\u00f3n, a perda ou a alteraci\u00f3n accidental ou ilegal de datos persoais transmitidos, conservados ou tratados doutro xeito, ou a comunicaci\u00f3n ou acceso non autorizado a devanditos datos son evitados. O sitio web ten un certificado SSL (capa de socket seguro), que garante que os datos persoais se transmiten con seguridade e confidencialidade, xa que a transmisi\u00f3n de datos entre o servidor e o usuario \u00e9, e en feedback, totalmente cifrado ou cifrado. Non obstante, debido a que Bruno Villamor Gay non pode garantir a impregnabilidade de Internet ou a ausencia total de hackers ou outros que acceden fraudulentamente a datos persoais, a persoa encargada do tratamento comprom\u00e9tese a comunicarse ao usuario sen atraso indebido cando unha violaci\u00f3n da seguridade dos datos persoais que sexa probable de supo\u00f1er un alto risco polos dereitos e liberdades de persoas naturais. Seguindo as disposici\u00f3ns do artigo 4 do RGPD, a violaci\u00f3n da seguridade dos datos persoais ent\u00e9ndese como unha violaci\u00f3n de seguridade que provoca a destruci\u00f3n ou alteraci\u00f3n accidental ou ilegal de datos persoais transmitidos, conservados ou tratados doutro xeito, ou a comunicaci\u00f3n ou o acceso non autorizado a ditos datos. Os datos persoais ser\u00e1n considerados confidenciais pola persoa encargada do tratamento, que se compromete a informar e a garantir a trav\u00e9s dunha obriga legal ou contractual de que a confidencialidade \u00e9 respectada polos seus empregados, asociados e calquera persoa \u00e1 que a informaci\u00f3n fai accesible. Dereitos derivados do procesamento de datos persoais O usuario ten sobre Bruno Villamor Gay e, polo tanto, pode exercer os seguintes dereitos reco\u00f1ecidos no GDPR e na lei org\u00e1nica 3\/2018, o 5 de decembro, sobre a protecci\u00f3n dos datos persoais e a garant\u00eda dos dereitos dixitais: Dereito de acceso: \u00e9 o dereito de O usuario para obter a confirmaci\u00f3n de se Bruno Villamor Gay est\u00e1 intentando ou non os seus datos persoais e, se \u00e9 as\u00ed, obt\u00e9n informaci\u00f3n sobre os seus datos espec\u00edficos de natureza persoal e o tratamento que Bruno Villamor Gay fixo ou realizou, as\u00ed como, entre outra, a informaci\u00f3n dispo\u00f1ible sobre a orixe dos devanditos datos e os destinatarios das comunicaci\u00f3ns feitas ou planificadas. Dereito de rectificaci\u00f3n: \u00e9 o dereito do usuario a modificar os seus datos persoais que resulta impreciso ou, tendo en conta os prop\u00f3sitos do tratamento, incompleto. Dereito de supresi\u00f3n (&#8220;o dereito ao esquecemento&#8221;): \u00e9 o dereito do usuario, sempre que a lexislaci\u00f3n actual non estableza o contrario, para obter a supresi\u00f3n dos seus datos persoais cando xa non son necesarios para os fins para os que foron recollidos ou tratados; O usuario retirou o seu consentimento para o tratamento e non ten outra base legal; O usuario \u00e9 Oponse ao tratamento e non hai raz\u00f3ns lex\u00edtimas para continuar con el; Os datos persoais foron tratados il\u00edcitamente; Os datos persoais deben ser suprimidos en cumprimento dunha obriga legal; o Datos persoais obtiv\u00e9ronse como resultado dunha oferta directa de servizos da sociedade da informaci\u00f3n a un neno menor de 14 anos. Ademais de suprimir os datos, a persoa encargada do tratamento, tendo en conta a tecnolox\u00eda dispo\u00f1ible e o custo da s\u00faa aplicaci\u00f3n, debe tomar medidas razoables para informar aos responsables de tratar os datos persoais da solicitude da parte interesada de supresi\u00f3n de calquera ligaz\u00f3n a estes datos persoais. Dereito \u00e1 limitaci\u00f3n do tratamento: \u00e9 o dereito do usuario limitar o procesamento dos seus datos persoais. O usuario ten dereito a obter a limitaci\u00f3n do tratamento cando desaf\u00eda a precisi\u00f3n dos seus datos persoais; O tratamento \u00e9 il\u00edcito; A persoa encargada do tratamento xa non Necesitas datos persoais, pero o usuario necesita para facer reclamaci\u00f3ns; e cando o usuario se opuxo ao tratamento. Dereito \u00e1 portabilidade de datos: No caso de que o tratamento se realice por medios automatizados, o usuario ter\u00e1 dereito a recibir da persoa responsable do tratamento dos seus datos persoais nun formato estruturado, de uso com\u00fan e lectura mec\u00e1nica e de transmitilos a outra persoa responsable do tratamento. Sempre que sexa tecnicamente posible, a persoa encargada do tratamento transmitir\u00e1 directamente os datos a esa outra persoa responsable. Dereito de oposici\u00f3n: \u00e9 o dereito do usuario a non ser realizado polo procesamento dos seus datos persoais ou o seu tratamento \u00e9 cesado por Bruno Villamor Gay. Ten raz\u00f3n para non ser obxecto dunha decisi\u00f3n baseada s\u00f3 no tratamento automatizado, inclu\u00edda a elaboraci\u00f3n de perf\u00eds: \u00e9 o dereito do usuario non estar suxeito a unha decisi\u00f3n individualizada baseada s\u00f3 na O tratamento automatizado dos seus datos persoais, inclu\u00edda a elaboraci\u00f3n de perf\u00eds, existentes a menos que a lexislaci\u00f3n actual estableza o contrario. As\u00ed, o usuario pode exercer os seus dereitos mediante unha comunicaci\u00f3n escrita dirixida \u00e1 persoa responsable do tratamento coa referencia &#8220;RGPD-Brunovillamor.gal&#8221;, especificando: Nome, apelido do usuario e copia do ID. Nos casos en que a representaci\u00f3n est\u00e1 admitida, tam\u00e9n ser\u00e1 necesaria a identificaci\u00f3n polos mesmos medios da persoa que representa ao usuario, as\u00ed como o documento que acredite a representaci\u00f3n. A fotocopia do DNI pode ser substitu\u00edda, por calquera outro medio v\u00e1lido en dereito que acredite a identidade. Solicitude cos motivos espec\u00edficos da aplicaci\u00f3n ou informaci\u00f3n \u00e1 que desexa acceder. Domicilio para notificaci\u00f3ns. Data e sinatura do solicitante. Calquera documento que demostre a solicitude que formula. Esta aplicaci\u00f3n e calquera outro documento adxunto pode ser enviado ao Seguinte enderezo e\/ou correo electr\u00f3nico: Enderezo postal: Rua Alvaro Gil 5, 3\u00baB 27004 Lugo Correo electr\u00f3nico: brunovillamor@gmail.com Ligaz\u00f3ns a sitios web de terceiros O sitio web pode inclu\u00edr hiperv\u00ednculos ou enlaces que permitan o acceso a p\u00e1xinas web de terceiros de Bruno Villamor Gay e, polo tanto, non son operados por Bruno Villamor Gay. Os titulares destes sitios web ter\u00e1n as s\u00faas propias pol\u00edticas de protecci\u00f3n de datos, sendo eles mesmos, en cada caso, responsables dos seus propios ficheiros e das s\u00faas propias pr\u00e1cticas de privacidade. Reclamaci\u00f3ns ante a autoridade de control No caso de que o usuario considere que hai un problema ou violaci\u00f3n da normativa vixente na forma en que se est\u00e1n tratando os seus datos persoais, ter\u00e1 dereito a unha protecci\u00f3n xudicial eficaz e a enviar unha reclamaci\u00f3n ante unha autoridade de control, en particular, no estado no que ten a s\u00faa residencia habitual, lugar de traballo ou lugar da suposta infracci\u00f3n. No caso de Espa\u00f1a, a Autoridade de Control \u00e9 a axencia espa\u00f1ola para a protecci\u00f3n de datos (https:\/\/www.aepd.es\/). II. Aceptaci\u00f3n e cambios nesta pol\u00edtica de privacidade \u00c9 necesario que o usuario lea e estea de acordo coas condici\u00f3ns sobre a protecci\u00f3n dos datos persoais contidos nesta Pol\u00edtica de privacidade, as\u00ed como aceptar o procesamento dos seus datos persoais para que a persoa responsable do tratamento poida proceder a ela no formulario, durante os prazos e cos fins indicados. O uso do sitio web implicar\u00e1 a aceptaci\u00f3n da s\u00faa pol\u00edtica de privacidade. Bruno Villamor Gay res\u00e9rvase o dereito a modificar a s\u00faa Pol\u00edtica de privacidade, segundo os seus propios criterios, ou motivado por un cambio lexislativo, xurisprudencial ou doutrinal da axencia espa\u00f1ola para a protecci\u00f3n de datos. Os cambios ou actualizaci\u00f3ns desta pol\u00edtica de privacidade non se notificar\u00e1n explicitamente ao usuario. Recom\u00e9ndase ao usuario consultar isto P\u00e1xina peri\u00f3dicamente para ser consciente dos \u00faltimos cambios ou actualizaci\u00f3ns. Esta Pol\u00edtica de privacidade actualizouse para adaptarse ao Regulamento (UE) 2016\/679 do Parlamento Europeo e do Consello, do 27 de abril de 2016, sobre a protecci\u00f3n dos persoas naturais no que se refire ao procesamento de datos persoais e \u00e1 libre circulaci\u00f3n destes datos (RGPD) e \u00e1 Law 3\/2018 org\u00e1nica, do 5 de decembro, sobre a protecci\u00f3n dos datos persoais e dos dereitos dixitais.<\/p>\t\t\t\t\t\t\t\t<\/div>\n\t\t\t\t<\/div>\n\t\t\t\t\t<\/div>\n\t\t\t\t<\/div>\n\t\t\t\t<\/div>","protected":false},"excerpt":{"rendered":"<p>Pol\u00edtica de privacidad I. Pol\u00edtica de privacidade e protecci\u00f3n de datos Respectando as disposici\u00f3ns da lexislaci\u00f3n actual, Bruno Villamor Gay (en diante, tam\u00e9n o sitio web) comprom\u00e9tese a adoptar as medidas t\u00e9cnicas e organizativas necesarias, segundo o nivel de seguridade adecuado ao risco dos datos recollidos. Leis incorporou esta pol\u00edtica de privacidade Esta Pol\u00edtica de [&hellip;]<\/p>\n","protected":false},"author":2,"featured_media":0,"parent":0,"menu_order":0,"comment_status":"closed","ping_status":"open","template":"elementor_header_footer","meta":{"_acf_changed":false,"_joinchat":[],"footnotes":""},"class_list":["post-17","page","type-page","status-publish","hentry"],"acf":[],"yoast_head":"<!-- This site is optimized with the Yoast SEO plugin v27.4 - https:\/\/yoast.com\/product\/yoast-seo-wordpress\/ -->\n<title>Pol\u00edtica de privacidad - Bruno Villamor Gay<\/title>\n<meta name=\"robots\" content=\"noindex, follow\" \/>\n<meta property=\"og:locale\" content=\"es_ES\" \/>\n<meta property=\"og:type\" content=\"article\" \/>\n<meta property=\"og:title\" content=\"Pol\u00edtica de privacidad - Bruno Villamor Gay\" \/>\n<meta property=\"og:description\" content=\"Pol\u00edtica de privacidad I. Pol\u00edtica de privacidade e protecci\u00f3n de datos Respectando as disposici\u00f3ns da lexislaci\u00f3n actual, Bruno Villamor Gay (en diante, tam\u00e9n o sitio web) comprom\u00e9tese a adoptar as medidas t\u00e9cnicas e organizativas necesarias, segundo o nivel de seguridade adecuado ao risco dos datos recollidos. Leis incorporou esta pol\u00edtica de privacidade Esta Pol\u00edtica de [&hellip;]\" \/>\n<meta property=\"og:url\" content=\"https:\/\/brunovillamor.gal\/es\/privacidad\/\" \/>\n<meta property=\"og:site_name\" content=\"Bruno Villamor Gay\" \/>\n<meta property=\"article:modified_time\" content=\"2025-05-13T09:32:52+00:00\" \/>\n<meta name=\"twitter:card\" content=\"summary_large_image\" \/>\n<meta name=\"twitter:label1\" content=\"Tiempo de lectura\" \/>\n\t<meta name=\"twitter:data1\" content=\"11 minutos\" \/>\n<script type=\"application\/ld+json\" class=\"yoast-schema-graph\">{\"@context\":\"https:\\\/\\\/schema.org\",\"@graph\":[{\"@type\":\"WebPage\",\"@id\":\"https:\\\/\\\/brunovillamor.gal\\\/privacidad\\\/\",\"url\":\"https:\\\/\\\/brunovillamor.gal\\\/privacidad\\\/\",\"name\":\"Pol\u00edtica de privacidad - Bruno Villamor Gay\",\"isPartOf\":{\"@id\":\"https:\\\/\\\/brunovillamor.gal\\\/#website\"},\"datePublished\":\"2025-01-27T07:51:41+00:00\",\"dateModified\":\"2025-05-13T09:32:52+00:00\",\"breadcrumb\":{\"@id\":\"https:\\\/\\\/brunovillamor.gal\\\/privacidad\\\/#breadcrumb\"},\"inLanguage\":\"es\",\"potentialAction\":[{\"@type\":\"ReadAction\",\"target\":[\"https:\\\/\\\/brunovillamor.gal\\\/privacidad\\\/\"]}]},{\"@type\":\"BreadcrumbList\",\"@id\":\"https:\\\/\\\/brunovillamor.gal\\\/privacidad\\\/#breadcrumb\",\"itemListElement\":[{\"@type\":\"ListItem\",\"position\":1,\"name\":\"Portada\",\"item\":\"https:\\\/\\\/brunovillamor.gal\\\/\"},{\"@type\":\"ListItem\",\"position\":2,\"name\":\"Pol\u00edtica de privacidad\"}]},{\"@type\":\"WebSite\",\"@id\":\"https:\\\/\\\/brunovillamor.gal\\\/#website\",\"url\":\"https:\\\/\\\/brunovillamor.gal\\\/\",\"name\":\"Bruno Villamor Gay\",\"description\":\"\",\"publisher\":{\"@id\":\"https:\\\/\\\/brunovillamor.gal\\\/#organization\"},\"potentialAction\":[{\"@type\":\"SearchAction\",\"target\":{\"@type\":\"EntryPoint\",\"urlTemplate\":\"https:\\\/\\\/brunovillamor.gal\\\/?s={search_term_string}\"},\"query-input\":{\"@type\":\"PropertyValueSpecification\",\"valueRequired\":true,\"valueName\":\"search_term_string\"}}],\"inLanguage\":\"es\"},{\"@type\":\"Organization\",\"@id\":\"https:\\\/\\\/brunovillamor.gal\\\/#organization\",\"name\":\"Bruno Villamor Gay\",\"url\":\"https:\\\/\\\/brunovillamor.gal\\\/\",\"logo\":{\"@type\":\"ImageObject\",\"inLanguage\":\"es\",\"@id\":\"https:\\\/\\\/brunovillamor.gal\\\/#\\\/schema\\\/logo\\\/image\\\/\",\"url\":\"https:\\\/\\\/brunovillamor.gal\\\/wp-content\\\/uploads\\\/2025\\\/01\\\/logo_web-01-scaled.png\",\"contentUrl\":\"https:\\\/\\\/brunovillamor.gal\\\/wp-content\\\/uploads\\\/2025\\\/01\\\/logo_web-01-scaled.png\",\"width\":2048,\"height\":728,\"caption\":\"Bruno Villamor Gay\"},\"image\":{\"@id\":\"https:\\\/\\\/brunovillamor.gal\\\/#\\\/schema\\\/logo\\\/image\\\/\"}}]}<\/script>\n<!-- \/ Yoast SEO plugin. -->","yoast_head_json":{"title":"Pol\u00edtica de privacidad - Bruno Villamor Gay","robots":{"index":"noindex","follow":"follow"},"og_locale":"es_ES","og_type":"article","og_title":"Pol\u00edtica de privacidad - Bruno Villamor Gay","og_description":"Pol\u00edtica de privacidad I. Pol\u00edtica de privacidade e protecci\u00f3n de datos Respectando as disposici\u00f3ns da lexislaci\u00f3n actual, Bruno Villamor Gay (en diante, tam\u00e9n o sitio web) comprom\u00e9tese a adoptar as medidas t\u00e9cnicas e organizativas necesarias, segundo o nivel de seguridade adecuado ao risco dos datos recollidos. Leis incorporou esta pol\u00edtica de privacidade Esta Pol\u00edtica de [&hellip;]","og_url":"https:\/\/brunovillamor.gal\/es\/privacidad\/","og_site_name":"Bruno Villamor Gay","article_modified_time":"2025-05-13T09:32:52+00:00","twitter_card":"summary_large_image","twitter_misc":{"Tiempo de lectura":"11 minutos"},"schema":{"@context":"https:\/\/schema.org","@graph":[{"@type":"WebPage","@id":"https:\/\/brunovillamor.gal\/privacidad\/","url":"https:\/\/brunovillamor.gal\/privacidad\/","name":"Pol\u00edtica de privacidad - Bruno Villamor Gay","isPartOf":{"@id":"https:\/\/brunovillamor.gal\/#website"},"datePublished":"2025-01-27T07:51:41+00:00","dateModified":"2025-05-13T09:32:52+00:00","breadcrumb":{"@id":"https:\/\/brunovillamor.gal\/privacidad\/#breadcrumb"},"inLanguage":"es","potentialAction":[{"@type":"ReadAction","target":["https:\/\/brunovillamor.gal\/privacidad\/"]}]},{"@type":"BreadcrumbList","@id":"https:\/\/brunovillamor.gal\/privacidad\/#breadcrumb","itemListElement":[{"@type":"ListItem","position":1,"name":"Portada","item":"https:\/\/brunovillamor.gal\/"},{"@type":"ListItem","position":2,"name":"Pol\u00edtica de privacidad"}]},{"@type":"WebSite","@id":"https:\/\/brunovillamor.gal\/#website","url":"https:\/\/brunovillamor.gal\/","name":"Bruno Villamor Gay","description":"","publisher":{"@id":"https:\/\/brunovillamor.gal\/#organization"},"potentialAction":[{"@type":"SearchAction","target":{"@type":"EntryPoint","urlTemplate":"https:\/\/brunovillamor.gal\/?s={search_term_string}"},"query-input":{"@type":"PropertyValueSpecification","valueRequired":true,"valueName":"search_term_string"}}],"inLanguage":"es"},{"@type":"Organization","@id":"https:\/\/brunovillamor.gal\/#organization","name":"Bruno Villamor Gay","url":"https:\/\/brunovillamor.gal\/","logo":{"@type":"ImageObject","inLanguage":"es","@id":"https:\/\/brunovillamor.gal\/#\/schema\/logo\/image\/","url":"https:\/\/brunovillamor.gal\/wp-content\/uploads\/2025\/01\/logo_web-01-scaled.png","contentUrl":"https:\/\/brunovillamor.gal\/wp-content\/uploads\/2025\/01\/logo_web-01-scaled.png","width":2048,"height":728,"caption":"Bruno Villamor Gay"},"image":{"@id":"https:\/\/brunovillamor.gal\/#\/schema\/logo\/image\/"}}]}},"_links":{"self":[{"href":"https:\/\/brunovillamor.gal\/es\/wp-json\/wp\/v2\/pages\/17","targetHints":{"allow":["GET"]}}],"collection":[{"href":"https:\/\/brunovillamor.gal\/es\/wp-json\/wp\/v2\/pages"}],"about":[{"href":"https:\/\/brunovillamor.gal\/es\/wp-json\/wp\/v2\/types\/page"}],"author":[{"embeddable":true,"href":"https:\/\/brunovillamor.gal\/es\/wp-json\/wp\/v2\/users\/2"}],"replies":[{"embeddable":true,"href":"https:\/\/brunovillamor.gal\/es\/wp-json\/wp\/v2\/comments?post=17"}],"version-history":[{"count":5,"href":"https:\/\/brunovillamor.gal\/es\/wp-json\/wp\/v2\/pages\/17\/revisions"}],"predecessor-version":[{"id":1236,"href":"https:\/\/brunovillamor.gal\/es\/wp-json\/wp\/v2\/pages\/17\/revisions\/1236"}],"wp:attachment":[{"href":"https:\/\/brunovillamor.gal\/es\/wp-json\/wp\/v2\/media?parent=17"}],"curies":[{"name":"wp","href":"https:\/\/api.w.org\/{rel}","templated":true}]}}