{"id":18,"date":"2025-01-27T08:52:13","date_gmt":"2025-01-27T07:52:13","guid":{"rendered":"https:\/\/brunovillamor.gal\/?page_id=18"},"modified":"2025-05-13T11:28:43","modified_gmt":"2025-05-13T09:28:43","slug":"cookies","status":"publish","type":"page","link":"https:\/\/brunovillamor.gal\/es\/cookies\/","title":{"rendered":"Pol\u00edtica de Cookies"},"content":{"rendered":"<div data-elementor-type=\"wp-page\" data-elementor-id=\"18\" class=\"elementor elementor-18\" data-elementor-post-type=\"page\">\n\t\t\t\t<div class=\"elementor-element elementor-element-31f1187 e-flex e-con-boxed e-con e-parent\" data-id=\"31f1187\" data-element_type=\"container\" data-e-type=\"container\">\n\t\t\t\t\t<div class=\"e-con-inner\">\n\t\t\t\t<div class=\"elementor-element elementor-element-9c407cf elementor-widget elementor-widget-heading\" data-id=\"9c407cf\" data-element_type=\"widget\" data-e-type=\"widget\" data-widget_type=\"heading.default\">\n\t\t\t\t<div class=\"elementor-widget-container\">\n\t\t\t\t\t<h2 class=\"elementor-heading-title elementor-size-default\">Pol\u00edtica de Cookies<\/h2>\t\t\t\t<\/div>\n\t\t\t\t<\/div>\n\t\t\t\t<div class=\"elementor-element elementor-element-b7e1a43 elementor-widget elementor-widget-text-editor\" data-id=\"b7e1a43\" data-element_type=\"widget\" data-e-type=\"widget\" data-widget_type=\"text-editor.default\">\n\t\t\t\t<div class=\"elementor-widget-container\">\n\t\t\t\t\t\t\t\t\t<p>El acceso a esta web puede implicar la utilizaci\u00f3n de cookies. Las Cookies son peque\u00f1as cantidades de informaci\u00f3n que se almacenan en el navegador utilizado por cada usuario en los diferentes dispositivos que se pueden utilizar para navegar \u2013 para que el servidor recuerde cierta informaci\u00f3n que posteriormente y \u00fanicamente el servidor que la implement\u00f3 leer\u00e1. Las Cookies facilitan la navegaci\u00f3n, la hacen m\u00e1s suave y no da\u00f1ar el dispositivo de navegaci\u00f3n. Las Cookies son procedimientos autom\u00e1ticos de recogida de informaci\u00f3n relativa a las preferencias determinadas por un usuario durante su visita al sitio web a reconocer su condici\u00f3n de usuario y personalizar su experiencia y uso de la p\u00e1gina web, y tambi\u00e9n, por ejemplo, ayudan a identificar y resolver los errores. La informaci\u00f3n recopilada a trav\u00e9s de cookies puede incluir la fecha y hora de las visitas al sitio web, las p\u00e1ginas visitadas, el tiempo que ha estado en el sitio web y los sitios visitados justo antes y despu\u00e9s de \u00e9l. Sin embargo, ninguna cookie permite que usted en contacto con el n\u00famero de tel\u00e9fono del usuario o con cualquier otro medio de contacto personal. Ninguna cookie puede extraer informaci\u00f3n del disco duro del usuario o robar informaci\u00f3n personal. La \u00fanica manera de que la informaci\u00f3n privada de un usuario forme parte del archivo cookie es que el usuario facilite personalmente esa informaci\u00f3n al servidor. Cookies que permiten identificar a una persona se consideran datos de car\u00e1cter personal. Por lo tanto, se aplican en la Pol\u00edtica de privacidad se describe anteriormente. En este sentido, para su uso, ser\u00e1 necesario el consentimiento del usuario. Este consentimiento comunicarase, basado en una selecci\u00f3n de aut\u00e9nticos, ofrecido a trav\u00e9s de una decisi\u00f3n afirmativa y positiva, antes de que el tratamiento inicial, extra\u00edble y documentada. Para deshabilitar, rechazar y eliminar las cookies El usuario puede deshabilitar, rechazar y eliminar las cookies \u2013 superior o Parcialmente Instalado en su dispositivo mediante la configuraci\u00f3n de su navegador (entre los que, por ejemplo, Chrome, Firefox, Safari, Explorer). En este sentido, los procedimientos para el rechazo y la eliminaci\u00f3n de las cookies pueden diferir de un navegador de internet a otro. Por lo tanto, el usuario debe ir a las instrucciones proporcionadas por el propio navegador de internet. En el caso de que el uso de las cookies, el porcentaje de rebote \u2013 total o parcialmente \u2013 usted puede seguir usando el sitio web, aunque puede tener limitado el uso de algunas de sus beneficios.<\/p>\t\t\t\t\t\t\t\t<\/div>\n\t\t\t\t<\/div>\n\t\t\t\t\t<\/div>\n\t\t\t\t<\/div>\n\t\t\t\t<\/div>","protected":false},"excerpt":{"rendered":"<p>Pol\u00edtica de cookies O acceso a este sitio web pode implicar o uso de cookies. As cookies son pequenas cantidades de informaci\u00f3n que se almacenan no navegador empregado por cada usuario &#8211; nos distintos dispositivos que pode usar para navegar &#8211; de xeito que o servidor recorda certa informaci\u00f3n que despois e s\u00f3 o servidor [&hellip;]<\/p>\n","protected":false},"author":2,"featured_media":0,"parent":0,"menu_order":0,"comment_status":"closed","ping_status":"open","template":"elementor_header_footer","meta":{"_acf_changed":false,"_joinchat":[],"footnotes":""},"class_list":["post-18","page","type-page","status-publish","hentry"],"acf":[],"yoast_head":"<!-- This site is optimized with the Yoast SEO plugin v27.4 - https:\/\/yoast.com\/product\/yoast-seo-wordpress\/ -->\n<title>Pol\u00edtica de cookies - Bruno Villamor Gay<\/title>\n<meta name=\"robots\" content=\"noindex, follow\" \/>\n<meta property=\"og:locale\" content=\"es_ES\" \/>\n<meta property=\"og:type\" content=\"article\" \/>\n<meta property=\"og:title\" content=\"Pol\u00edtica de cookies - Bruno Villamor Gay\" \/>\n<meta property=\"og:description\" content=\"Pol\u00edtica de cookies O acceso a este sitio web pode implicar o uso de cookies. As cookies son pequenas cantidades de informaci\u00f3n que se almacenan no navegador empregado por cada usuario &#8211; nos distintos dispositivos que pode usar para navegar &#8211; de xeito que o servidor recorda certa informaci\u00f3n que despois e s\u00f3 o servidor [&hellip;]\" \/>\n<meta property=\"og:url\" content=\"https:\/\/brunovillamor.gal\/es\/cookies\/\" \/>\n<meta property=\"og:site_name\" content=\"Bruno Villamor Gay\" \/>\n<meta property=\"article:modified_time\" content=\"2025-05-13T09:28:43+00:00\" \/>\n<meta name=\"twitter:card\" content=\"summary_large_image\" \/>\n<meta name=\"twitter:label1\" content=\"Tiempo de lectura\" \/>\n\t<meta name=\"twitter:data1\" content=\"3 minutos\" \/>\n<script type=\"application\/ld+json\" class=\"yoast-schema-graph\">{\"@context\":\"https:\\\/\\\/schema.org\",\"@graph\":[{\"@type\":\"WebPage\",\"@id\":\"https:\\\/\\\/brunovillamor.gal\\\/cookies\\\/\",\"url\":\"https:\\\/\\\/brunovillamor.gal\\\/cookies\\\/\",\"name\":\"Pol\u00edtica de cookies - Bruno Villamor Gay\",\"isPartOf\":{\"@id\":\"https:\\\/\\\/brunovillamor.gal\\\/#website\"},\"datePublished\":\"2025-01-27T07:52:13+00:00\",\"dateModified\":\"2025-05-13T09:28:43+00:00\",\"breadcrumb\":{\"@id\":\"https:\\\/\\\/brunovillamor.gal\\\/cookies\\\/#breadcrumb\"},\"inLanguage\":\"es\",\"potentialAction\":[{\"@type\":\"ReadAction\",\"target\":[\"https:\\\/\\\/brunovillamor.gal\\\/cookies\\\/\"]}]},{\"@type\":\"BreadcrumbList\",\"@id\":\"https:\\\/\\\/brunovillamor.gal\\\/cookies\\\/#breadcrumb\",\"itemListElement\":[{\"@type\":\"ListItem\",\"position\":1,\"name\":\"Portada\",\"item\":\"https:\\\/\\\/brunovillamor.gal\\\/\"},{\"@type\":\"ListItem\",\"position\":2,\"name\":\"Pol\u00edtica de cookies\"}]},{\"@type\":\"WebSite\",\"@id\":\"https:\\\/\\\/brunovillamor.gal\\\/#website\",\"url\":\"https:\\\/\\\/brunovillamor.gal\\\/\",\"name\":\"Bruno Villamor Gay\",\"description\":\"\",\"publisher\":{\"@id\":\"https:\\\/\\\/brunovillamor.gal\\\/#organization\"},\"potentialAction\":[{\"@type\":\"SearchAction\",\"target\":{\"@type\":\"EntryPoint\",\"urlTemplate\":\"https:\\\/\\\/brunovillamor.gal\\\/?s={search_term_string}\"},\"query-input\":{\"@type\":\"PropertyValueSpecification\",\"valueRequired\":true,\"valueName\":\"search_term_string\"}}],\"inLanguage\":\"es\"},{\"@type\":\"Organization\",\"@id\":\"https:\\\/\\\/brunovillamor.gal\\\/#organization\",\"name\":\"Bruno Villamor Gay\",\"url\":\"https:\\\/\\\/brunovillamor.gal\\\/\",\"logo\":{\"@type\":\"ImageObject\",\"inLanguage\":\"es\",\"@id\":\"https:\\\/\\\/brunovillamor.gal\\\/#\\\/schema\\\/logo\\\/image\\\/\",\"url\":\"https:\\\/\\\/brunovillamor.gal\\\/wp-content\\\/uploads\\\/2025\\\/01\\\/logo_web-01-scaled.png\",\"contentUrl\":\"https:\\\/\\\/brunovillamor.gal\\\/wp-content\\\/uploads\\\/2025\\\/01\\\/logo_web-01-scaled.png\",\"width\":2048,\"height\":728,\"caption\":\"Bruno Villamor Gay\"},\"image\":{\"@id\":\"https:\\\/\\\/brunovillamor.gal\\\/#\\\/schema\\\/logo\\\/image\\\/\"}}]}<\/script>\n<!-- \/ Yoast SEO plugin. -->","yoast_head_json":{"title":"Pol\u00edtica de cookies - Bruno Villamor Gay","robots":{"index":"noindex","follow":"follow"},"og_locale":"es_ES","og_type":"article","og_title":"Pol\u00edtica de cookies - Bruno Villamor Gay","og_description":"Pol\u00edtica de cookies O acceso a este sitio web pode implicar o uso de cookies. As cookies son pequenas cantidades de informaci\u00f3n que se almacenan no navegador empregado por cada usuario &#8211; nos distintos dispositivos que pode usar para navegar &#8211; de xeito que o servidor recorda certa informaci\u00f3n que despois e s\u00f3 o servidor [&hellip;]","og_url":"https:\/\/brunovillamor.gal\/es\/cookies\/","og_site_name":"Bruno Villamor Gay","article_modified_time":"2025-05-13T09:28:43+00:00","twitter_card":"summary_large_image","twitter_misc":{"Tiempo de lectura":"3 minutos"},"schema":{"@context":"https:\/\/schema.org","@graph":[{"@type":"WebPage","@id":"https:\/\/brunovillamor.gal\/cookies\/","url":"https:\/\/brunovillamor.gal\/cookies\/","name":"Pol\u00edtica de cookies - Bruno Villamor Gay","isPartOf":{"@id":"https:\/\/brunovillamor.gal\/#website"},"datePublished":"2025-01-27T07:52:13+00:00","dateModified":"2025-05-13T09:28:43+00:00","breadcrumb":{"@id":"https:\/\/brunovillamor.gal\/cookies\/#breadcrumb"},"inLanguage":"es","potentialAction":[{"@type":"ReadAction","target":["https:\/\/brunovillamor.gal\/cookies\/"]}]},{"@type":"BreadcrumbList","@id":"https:\/\/brunovillamor.gal\/cookies\/#breadcrumb","itemListElement":[{"@type":"ListItem","position":1,"name":"Portada","item":"https:\/\/brunovillamor.gal\/"},{"@type":"ListItem","position":2,"name":"Pol\u00edtica de cookies"}]},{"@type":"WebSite","@id":"https:\/\/brunovillamor.gal\/#website","url":"https:\/\/brunovillamor.gal\/","name":"Bruno Villamor Gay","description":"","publisher":{"@id":"https:\/\/brunovillamor.gal\/#organization"},"potentialAction":[{"@type":"SearchAction","target":{"@type":"EntryPoint","urlTemplate":"https:\/\/brunovillamor.gal\/?s={search_term_string}"},"query-input":{"@type":"PropertyValueSpecification","valueRequired":true,"valueName":"search_term_string"}}],"inLanguage":"es"},{"@type":"Organization","@id":"https:\/\/brunovillamor.gal\/#organization","name":"Bruno Villamor Gay","url":"https:\/\/brunovillamor.gal\/","logo":{"@type":"ImageObject","inLanguage":"es","@id":"https:\/\/brunovillamor.gal\/#\/schema\/logo\/image\/","url":"https:\/\/brunovillamor.gal\/wp-content\/uploads\/2025\/01\/logo_web-01-scaled.png","contentUrl":"https:\/\/brunovillamor.gal\/wp-content\/uploads\/2025\/01\/logo_web-01-scaled.png","width":2048,"height":728,"caption":"Bruno Villamor Gay"},"image":{"@id":"https:\/\/brunovillamor.gal\/#\/schema\/logo\/image\/"}}]}},"_links":{"self":[{"href":"https:\/\/brunovillamor.gal\/es\/wp-json\/wp\/v2\/pages\/18","targetHints":{"allow":["GET"]}}],"collection":[{"href":"https:\/\/brunovillamor.gal\/es\/wp-json\/wp\/v2\/pages"}],"about":[{"href":"https:\/\/brunovillamor.gal\/es\/wp-json\/wp\/v2\/types\/page"}],"author":[{"embeddable":true,"href":"https:\/\/brunovillamor.gal\/es\/wp-json\/wp\/v2\/users\/2"}],"replies":[{"embeddable":true,"href":"https:\/\/brunovillamor.gal\/es\/wp-json\/wp\/v2\/comments?post=18"}],"version-history":[{"count":5,"href":"https:\/\/brunovillamor.gal\/es\/wp-json\/wp\/v2\/pages\/18\/revisions"}],"predecessor-version":[{"id":1232,"href":"https:\/\/brunovillamor.gal\/es\/wp-json\/wp\/v2\/pages\/18\/revisions\/1232"}],"wp:attachment":[{"href":"https:\/\/brunovillamor.gal\/es\/wp-json\/wp\/v2\/media?parent=18"}],"curies":[{"name":"wp","href":"https:\/\/api.w.org\/{rel}","templated":true}]}}