{"id":19,"date":"2025-01-27T08:52:32","date_gmt":"2025-01-27T07:52:32","guid":{"rendered":"https:\/\/brunovillamor.gal\/?page_id=19"},"modified":"2025-05-13T11:27:12","modified_gmt":"2025-05-13T09:27:12","slug":"accesibilidad","status":"publish","type":"page","link":"https:\/\/brunovillamor.gal\/es\/accesibilidad\/","title":{"rendered":"Accesibilidad"},"content":{"rendered":"\t\t<div data-elementor-type=\"wp-page\" data-elementor-id=\"19\" class=\"elementor elementor-19\" data-elementor-post-type=\"page\">\n\t\t\t\t<div class=\"elementor-element elementor-element-0b19b34 e-flex e-con-boxed e-con e-parent\" data-id=\"0b19b34\" data-element_type=\"container\" data-e-type=\"container\">\n\t\t\t\t\t<div class=\"e-con-inner\">\n\t\t\t\t<div class=\"elementor-element elementor-element-2f557bd elementor-widget elementor-widget-heading\" data-id=\"2f557bd\" data-element_type=\"widget\" data-e-type=\"widget\" data-widget_type=\"heading.default\">\n\t\t\t\t<div class=\"elementor-widget-container\">\n\t\t\t\t\t<h2 class=\"elementor-heading-title elementor-size-default\">Accesibilidade<\/h2>\t\t\t\t<\/div>\n\t\t\t\t<\/div>\n\t\t\t\t<div class=\"elementor-element elementor-element-2e727d0 elementor-widget elementor-widget-text-editor\" data-id=\"2e727d0\" data-element_type=\"widget\" data-e-type=\"widget\" data-widget_type=\"text-editor.default\">\n\t\t\t\t<div class=\"elementor-widget-container\">\n\t\t\t\t\t\t\t\t\t<p>Declaraci\u00f3n de accesibilidade O titular do sitio web comprometeuse a facer que o seu sitio web sexa accesible de acordo co Real Decreto 1112\/2018, do 7 de setembro, sobre a accesibilidade dos sitios web e aplicaci\u00f3ns m\u00f3biles do sector p\u00fablico (en diante, Real Decreto 1112\/2018, do 7 de setembro), que transp\u00f3n a Directiva (UE) 2016\/2102 do Parlamento Europeo e do Consello, do 26 de outubro de 2016. Esta declaraci\u00f3n apl\u00edcase a este sitio web. Estado de conformidade Este sitio web cumpre parcialmente co Real Decreto 1112\/2018, do 7 de setembro, debido \u00e1s excepci\u00f3ns e incumprimentos dos aspectos que se indican a continuaci\u00f3n. Contido inaccesible O contido que se indica a continuaci\u00f3n non \u00e9 accesible polos seguintes motivos: Incumprimento do Real Decreto 1112\/2018, do 7 de setembro:<br \/>Algunhas imaxes non est\u00e1n etiquetadas ou te\u00f1en unha alternativa de texto xen\u00e9rica [requisito n\u00famero 9.1.1.1 da norma UNE-EN 301549:2019 Contido non textual]<br \/>Alg\u00fans v\u00eddeos gravados poden non conter subt\u00edtulos [requisito n\u00famero 9.1.2.2 da norma UNE-EN 301549:2019 subt\u00edtulos (gravados)]<br \/>Alg\u00fans v\u00eddeos pregravados no sitio web non dispo\u00f1en de audiodescrici\u00f3n nin de medios alternativos [requisitos n\u00famero 9.1.2.5 e 9.1.2.3 da norma UNE-EN 301549:2019 Audiodescrici\u00f3n ou medios alternativos (gravados)]<br \/>Nalgunhas p\u00e1xinas, a informaci\u00f3n, a estrutura e as relaci\u00f3ns non est\u00e1n determinadas polo software ou non te\u00f1en alternativa como texto. [requisito n\u00famero 9.1.3.1 da norma UNE-EN 301549:2019 para informaci\u00f3n e relaci\u00f3ns].<br \/>Nalgunhas p\u00e1xinas, a cor empregouse como \u00fanico medio visual para transmitir informaci\u00f3n, indicar unha acci\u00f3n, provocar unha resposta ou distinguir un elemento visual [requisito n\u00famero 9.1.4.1 da norma UNE-EN 301549:2019 sobre o uso da cor].<br \/>Nalgunhas p\u00e1xinas pode haber atributos e identificadores duplicados [requisito n\u00famero 9.4.1.1 da norma de procesamento UNE-EN 301549:2019]<br \/>Nalgunhas p\u00e1xinas, os compo\u00f1entes da interface de usuario, como os elementos de formulario, as ligaz\u00f3ns e os compo\u00f1entes xerados por scripts, non seguen a estrutura recomendada polas directrices de accesibilidade [requisito n\u00famero 9.4.1.2 da norma UNE-EN 301549:2019 Nome, Funci\u00f3n, Valor].<br \/>Nalg\u00fans formularios, o campo de entrada que recolle informaci\u00f3n sobre o usuario non ten unha finalidade identificada [requisito n\u00famero 9.1.3.5 da norma UNE-EN 301549:2019 identificaci\u00f3n da finalidade de entrada]<br \/>Nalgunhas p\u00e1xinas, a relaci\u00f3n de contraste no texto ou nas imaxes pode non ser como m\u00ednimo de 4,5:1 [requisito n\u00famero 9.1.4.3 da norma UNE-EN 301549:2019 de contraste m\u00ednimo]<br \/>Nalgunhas p\u00e1xinas, o contraste dos compo\u00f1entes da interface de usuario e os obxectos gr\u00e1ficos pode non alcanzar 3:1 coas cores adxacentes [requisito n\u00famero 9.1.4.11 da norma UNE-EN 301549:2019 de contraste non textual]<br \/>Ocasionalmente, pode haber un erro de entrada nun campo\/formulario para o cal non se lle notifica ao usuario a suxesti\u00f3n para solucionalo [requisito n\u00famero 9.3.3.3 da norma UNE-EN 301549:2019 Suxesti\u00f3n en caso de erros]<br \/>Nalgunhas p\u00e1xinas, as mensaxes de estado poden non ser determinadas program\u00e1ticamente mediante funci\u00f3ns ou propiedades [requisito n\u00famero 9.4.1.3 da norma UNE-EN 301549:2019 sobre mensaxes de estado]<br \/>Carga desproporcionada Non aplicable O contido non entra no \u00e1mbito de aplicaci\u00f3n da lexislaci\u00f3n aplicable<br \/>Pode haber ficheiros de Office en PDF ou outros formatos publicados antes do 20 de setembro de 2018 que non cumpran integramente todos os requisitos de accesibilidade.<br \/>Observaci\u00f3ns e informaci\u00f3n de contacto As comunicaci\u00f3ns relativas aos requisitos de accesibilidade (artigo 10.2.a do Real Decreto 1112\/2018, do 7 de setembro) poden realizarse a trav\u00e9s do formulario de contacto, por exemplo:<br \/>Informar de calquera posible incumprimento por parte deste sitio web<br \/>Transmitir outras dificultades para acceder ao contido<br \/>Facer calquera outra consulta ou suxesti\u00f3n de mellora relacionada coa accesibilidade do sitio web.<br \/>As comunicaci\u00f3ns ser\u00e1n recibidas e procesadas pola Unidade de Accesibilidade.<\/p>\t\t\t\t\t\t\t\t<\/div>\n\t\t\t\t<\/div>\n\t\t\t\t\t<\/div>\n\t\t\t\t<\/div>\n\t\t\t\t<\/div>\n\t\t","protected":false},"excerpt":{"rendered":"<p>Accesibilidade Declaraci\u00f3n de accesibilidade O titular do sitio web comprometeuse a facer que o seu sitio web sexa accesible de acordo co Real Decreto 1112\/2018, do 7 de setembro, sobre a accesibilidade dos sitios web e aplicaci\u00f3ns m\u00f3biles do sector p\u00fablico (en diante, Real Decreto 1112\/2018, do 7 de setembro), que transp\u00f3n a Directiva (UE) [&hellip;]<\/p>\n","protected":false},"author":2,"featured_media":0,"parent":0,"menu_order":0,"comment_status":"closed","ping_status":"open","template":"elementor_header_footer","meta":{"_acf_changed":false,"_joinchat":[],"footnotes":""},"class_list":["post-19","page","type-page","status-publish","hentry"],"acf":[],"yoast_head":"<!-- This site is optimized with the Yoast SEO plugin v27.4 - https:\/\/yoast.com\/product\/yoast-seo-wordpress\/ -->\n<title>Accesibilidad - Bruno Villamor Gay<\/title>\n<meta name=\"robots\" content=\"noindex, follow\" \/>\n<meta property=\"og:locale\" content=\"es_ES\" \/>\n<meta property=\"og:type\" content=\"article\" \/>\n<meta property=\"og:title\" content=\"Accesibilidad - Bruno Villamor Gay\" \/>\n<meta property=\"og:description\" content=\"Accesibilidade Declaraci\u00f3n de accesibilidade O titular do sitio web comprometeuse a facer que o seu sitio web sexa accesible de acordo co Real Decreto 1112\/2018, do 7 de setembro, sobre a accesibilidade dos sitios web e aplicaci\u00f3ns m\u00f3biles do sector p\u00fablico (en diante, Real Decreto 1112\/2018, do 7 de setembro), que transp\u00f3n a Directiva (UE) [&hellip;]\" \/>\n<meta property=\"og:url\" content=\"https:\/\/brunovillamor.gal\/es\/accesibilidad\/\" \/>\n<meta property=\"og:site_name\" content=\"Bruno Villamor Gay\" \/>\n<meta property=\"article:modified_time\" content=\"2025-05-13T09:27:12+00:00\" \/>\n<meta name=\"twitter:card\" content=\"summary_large_image\" \/>\n<meta name=\"twitter:label1\" content=\"Tiempo de lectura\" \/>\n\t<meta name=\"twitter:data1\" content=\"3 minutos\" \/>\n<script type=\"application\/ld+json\" class=\"yoast-schema-graph\">{\"@context\":\"https:\\\/\\\/schema.org\",\"@graph\":[{\"@type\":\"WebPage\",\"@id\":\"https:\\\/\\\/brunovillamor.gal\\\/accesibilidad\\\/\",\"url\":\"https:\\\/\\\/brunovillamor.gal\\\/accesibilidad\\\/\",\"name\":\"Accesibilidad - Bruno Villamor Gay\",\"isPartOf\":{\"@id\":\"https:\\\/\\\/brunovillamor.gal\\\/#website\"},\"datePublished\":\"2025-01-27T07:52:32+00:00\",\"dateModified\":\"2025-05-13T09:27:12+00:00\",\"breadcrumb\":{\"@id\":\"https:\\\/\\\/brunovillamor.gal\\\/accesibilidad\\\/#breadcrumb\"},\"inLanguage\":\"es\",\"potentialAction\":[{\"@type\":\"ReadAction\",\"target\":[\"https:\\\/\\\/brunovillamor.gal\\\/accesibilidad\\\/\"]}]},{\"@type\":\"BreadcrumbList\",\"@id\":\"https:\\\/\\\/brunovillamor.gal\\\/accesibilidad\\\/#breadcrumb\",\"itemListElement\":[{\"@type\":\"ListItem\",\"position\":1,\"name\":\"Portada\",\"item\":\"https:\\\/\\\/brunovillamor.gal\\\/\"},{\"@type\":\"ListItem\",\"position\":2,\"name\":\"Accesibilidad\"}]},{\"@type\":\"WebSite\",\"@id\":\"https:\\\/\\\/brunovillamor.gal\\\/#website\",\"url\":\"https:\\\/\\\/brunovillamor.gal\\\/\",\"name\":\"Bruno Villamor Gay\",\"description\":\"\",\"publisher\":{\"@id\":\"https:\\\/\\\/brunovillamor.gal\\\/#organization\"},\"potentialAction\":[{\"@type\":\"SearchAction\",\"target\":{\"@type\":\"EntryPoint\",\"urlTemplate\":\"https:\\\/\\\/brunovillamor.gal\\\/?s={search_term_string}\"},\"query-input\":{\"@type\":\"PropertyValueSpecification\",\"valueRequired\":true,\"valueName\":\"search_term_string\"}}],\"inLanguage\":\"es\"},{\"@type\":\"Organization\",\"@id\":\"https:\\\/\\\/brunovillamor.gal\\\/#organization\",\"name\":\"Bruno Villamor Gay\",\"url\":\"https:\\\/\\\/brunovillamor.gal\\\/\",\"logo\":{\"@type\":\"ImageObject\",\"inLanguage\":\"es\",\"@id\":\"https:\\\/\\\/brunovillamor.gal\\\/#\\\/schema\\\/logo\\\/image\\\/\",\"url\":\"https:\\\/\\\/brunovillamor.gal\\\/wp-content\\\/uploads\\\/2025\\\/01\\\/logo_web-01-scaled.png\",\"contentUrl\":\"https:\\\/\\\/brunovillamor.gal\\\/wp-content\\\/uploads\\\/2025\\\/01\\\/logo_web-01-scaled.png\",\"width\":2048,\"height\":728,\"caption\":\"Bruno Villamor Gay\"},\"image\":{\"@id\":\"https:\\\/\\\/brunovillamor.gal\\\/#\\\/schema\\\/logo\\\/image\\\/\"}}]}<\/script>\n<!-- \/ Yoast SEO plugin. -->","yoast_head_json":{"title":"Accesibilidad - Bruno Villamor Gay","robots":{"index":"noindex","follow":"follow"},"og_locale":"es_ES","og_type":"article","og_title":"Accesibilidad - Bruno Villamor Gay","og_description":"Accesibilidade Declaraci\u00f3n de accesibilidade O titular do sitio web comprometeuse a facer que o seu sitio web sexa accesible de acordo co Real Decreto 1112\/2018, do 7 de setembro, sobre a accesibilidade dos sitios web e aplicaci\u00f3ns m\u00f3biles do sector p\u00fablico (en diante, Real Decreto 1112\/2018, do 7 de setembro), que transp\u00f3n a Directiva (UE) [&hellip;]","og_url":"https:\/\/brunovillamor.gal\/es\/accesibilidad\/","og_site_name":"Bruno Villamor Gay","article_modified_time":"2025-05-13T09:27:12+00:00","twitter_card":"summary_large_image","twitter_misc":{"Tiempo de lectura":"3 minutos"},"schema":{"@context":"https:\/\/schema.org","@graph":[{"@type":"WebPage","@id":"https:\/\/brunovillamor.gal\/accesibilidad\/","url":"https:\/\/brunovillamor.gal\/accesibilidad\/","name":"Accesibilidad - Bruno Villamor Gay","isPartOf":{"@id":"https:\/\/brunovillamor.gal\/#website"},"datePublished":"2025-01-27T07:52:32+00:00","dateModified":"2025-05-13T09:27:12+00:00","breadcrumb":{"@id":"https:\/\/brunovillamor.gal\/accesibilidad\/#breadcrumb"},"inLanguage":"es","potentialAction":[{"@type":"ReadAction","target":["https:\/\/brunovillamor.gal\/accesibilidad\/"]}]},{"@type":"BreadcrumbList","@id":"https:\/\/brunovillamor.gal\/accesibilidad\/#breadcrumb","itemListElement":[{"@type":"ListItem","position":1,"name":"Portada","item":"https:\/\/brunovillamor.gal\/"},{"@type":"ListItem","position":2,"name":"Accesibilidad"}]},{"@type":"WebSite","@id":"https:\/\/brunovillamor.gal\/#website","url":"https:\/\/brunovillamor.gal\/","name":"Bruno Villamor Gay","description":"","publisher":{"@id":"https:\/\/brunovillamor.gal\/#organization"},"potentialAction":[{"@type":"SearchAction","target":{"@type":"EntryPoint","urlTemplate":"https:\/\/brunovillamor.gal\/?s={search_term_string}"},"query-input":{"@type":"PropertyValueSpecification","valueRequired":true,"valueName":"search_term_string"}}],"inLanguage":"es"},{"@type":"Organization","@id":"https:\/\/brunovillamor.gal\/#organization","name":"Bruno Villamor Gay","url":"https:\/\/brunovillamor.gal\/","logo":{"@type":"ImageObject","inLanguage":"es","@id":"https:\/\/brunovillamor.gal\/#\/schema\/logo\/image\/","url":"https:\/\/brunovillamor.gal\/wp-content\/uploads\/2025\/01\/logo_web-01-scaled.png","contentUrl":"https:\/\/brunovillamor.gal\/wp-content\/uploads\/2025\/01\/logo_web-01-scaled.png","width":2048,"height":728,"caption":"Bruno Villamor Gay"},"image":{"@id":"https:\/\/brunovillamor.gal\/#\/schema\/logo\/image\/"}}]}},"_links":{"self":[{"href":"https:\/\/brunovillamor.gal\/es\/wp-json\/wp\/v2\/pages\/19","targetHints":{"allow":["GET"]}}],"collection":[{"href":"https:\/\/brunovillamor.gal\/es\/wp-json\/wp\/v2\/pages"}],"about":[{"href":"https:\/\/brunovillamor.gal\/es\/wp-json\/wp\/v2\/types\/page"}],"author":[{"embeddable":true,"href":"https:\/\/brunovillamor.gal\/es\/wp-json\/wp\/v2\/users\/2"}],"replies":[{"embeddable":true,"href":"https:\/\/brunovillamor.gal\/es\/wp-json\/wp\/v2\/comments?post=19"}],"version-history":[{"count":4,"href":"https:\/\/brunovillamor.gal\/es\/wp-json\/wp\/v2\/pages\/19\/revisions"}],"predecessor-version":[{"id":1228,"href":"https:\/\/brunovillamor.gal\/es\/wp-json\/wp\/v2\/pages\/19\/revisions\/1228"}],"wp:attachment":[{"href":"https:\/\/brunovillamor.gal\/es\/wp-json\/wp\/v2\/media?parent=19"}],"curies":[{"name":"wp","href":"https:\/\/api.w.org\/{rel}","templated":true}]}}