{"id":84,"date":"2025-03-14T17:17:01","date_gmt":"2025-03-14T16:17:01","guid":{"rendered":"https:\/\/brunovillamor.gal\/?page_id=84"},"modified":"2025-05-12T16:39:36","modified_gmt":"2025-05-12T14:39:36","slug":"bio","status":"publish","type":"page","link":"https:\/\/brunovillamor.gal\/es\/bio\/","title":{"rendered":"Bio"},"content":{"rendered":"<div data-elementor-type=\"wp-page\" data-elementor-id=\"84\" class=\"elementor elementor-84\" data-elementor-post-type=\"page\">\n\t\t\t\t\t\t<section class=\"elementor-section elementor-top-section elementor-element elementor-element-1fad5cb1 elementor-section-boxed elementor-section-height-default elementor-section-height-default\" data-id=\"1fad5cb1\" data-element_type=\"section\" data-e-type=\"section\" data-settings=\"{&quot;background_background&quot;:&quot;classic&quot;}\">\n\t\t\t\t\t\t\t<div class=\"elementor-background-overlay\"><\/div>\n\t\t\t\t\t\t\t<div class=\"elementor-container elementor-column-gap-default\">\n\t\t\t\t\t<div class=\"elementor-column elementor-col-100 elementor-top-column elementor-element elementor-element-634f59c3\" data-id=\"634f59c3\" data-element_type=\"column\" data-e-type=\"column\">\n\t\t\t<div class=\"elementor-widget-wrap elementor-element-populated\">\n\t\t\t\t\t\t<div class=\"elementor-element elementor-element-298bf801 elementor-widget elementor-widget-heading\" data-id=\"298bf801\" data-element_type=\"widget\" data-e-type=\"widget\" data-widget_type=\"heading.default\">\n\t\t\t\t<div class=\"elementor-widget-container\">\n\t\t\t\t\t<h1 class=\"elementor-heading-title elementor-size-default\">Bio<\/h1>\t\t\t\t<\/div>\n\t\t\t\t<\/div>\n\t\t\t\t\t<\/div>\n\t\t<\/div>\n\t\t\t\t\t<\/div>\n\t\t<\/section>\n\t\t\t\t<section class=\"elementor-section elementor-top-section elementor-element elementor-element-1a46c8e9 elementor-section-boxed elementor-section-height-default elementor-section-height-default\" data-id=\"1a46c8e9\" data-element_type=\"section\" data-e-type=\"section\" data-settings=\"{&quot;background_background&quot;:&quot;classic&quot;}\">\n\t\t\t\t\t\t\t<div class=\"elementor-background-overlay\"><\/div>\n\t\t\t\t\t\t\t<div class=\"elementor-container elementor-column-gap-default\">\n\t\t\t\t\t<div class=\"elementor-column elementor-col-100 elementor-top-column elementor-element elementor-element-31b90942\" data-id=\"31b90942\" data-element_type=\"column\" data-e-type=\"column\">\n\t\t\t<div class=\"elementor-widget-wrap elementor-element-populated\">\n\t\t\t\t\t\t<div class=\"elementor-element elementor-element-e5f1456 elementor-widget elementor-widget-heading\" data-id=\"e5f1456\" data-element_type=\"widget\" data-e-type=\"widget\" data-widget_type=\"heading.default\">\n\t\t\t\t<div class=\"elementor-widget-container\">\n\t\t\t\t\t<h2 class=\"elementor-heading-title elementor-size-default\">Biograf\u00eda<\/h2>\t\t\t\t<\/div>\n\t\t\t\t<\/div>\n\t\t\t\t<div class=\"elementor-element elementor-element-2e821d10 elementor-widget elementor-widget-text-editor\" data-id=\"2e821d10\" data-element_type=\"widget\" data-e-type=\"widget\" data-widget_type=\"text-editor.default\">\n\t\t\t\t<div class=\"elementor-widget-container\">\n\t\t\t\t\t\t\t\t\t<p><span style=\"font-weight: 400;\">Bruno Villamor Gay (Lugo, 1978). Titulado de la parte Superior de M\u00fasica en la Especialidad de Instrumentos de la M\u00fasica Tradicional Gallega en el Conservatorio Superior de M\u00fasica de Vigo y Titulada en Grado Profesional de M\u00fasica en la Especialidad de Gaita en el Conservatorio Profesional de M\u00fasica de el Mes. Nieto de &#039;El Gaitero y el Santo de la Feria&#039;, tiene contacto con la m\u00fasica tradicional desde que era un ni\u00f1o recibiendo clases de maestros como Enrique Candal, Daniel Bell\u00f3n, Pepe Vaamonde, Ivan Costa, Germ\u00e1n D\u00edaz, Xisco feijoo en ourense, etc.&nbsp;<\/span><\/p>\n<p><span style=\"font-weight: 400;\">&nbsp;<\/span><\/p>\n<p><span style=\"font-weight: 400;\">Sus primeras actuaciones en p\u00fablico realizounas como un componente de la Tuber\u00eda de la Banda de la Diputaci\u00f3n Provincial de Lugo (entre los a\u00f1os 1987 y 1994); el Grupo de los Dos &#034;Ra\u00edces de Nuestra&#034; Tierra de Palas de Rei (entre los a\u00f1os 1990 y 1997); y el Cuarteto de las Tradicionales Gaitas de &#034;Baladas y Frores&#034; (desde el a\u00f1o 1993 hasta el presente).<\/span><\/p>\n<p><span style=\"font-weight: 400;\">La mayor\u00eda de la parte delantera de los grupos de Caldaloba, El Minhotos, el Tango en Xan3iro, Zoelas, El Vagab\u00e1n y Perguiz\u00e1n con el que realiza conciertos por toda la Pen\u00ednsula Ib\u00e9rica, Francia, Suiza, Irlanda ...<\/span><\/p>\n<p>Entre los diversos premios obtenidos destacan el 1er Premio del Concurso de Sonidos Folk 98 logrado como miembro del grupo de Caldaloba (1998); el 2 \u00b0 Lugar en el II Concurso de Gaitas del Pa\u00eds (Sarria, 25 de agosto de 2002) en la secci\u00f3n de Gaiteros Solistas organizado por la Asociaci\u00f3n &#034;Brujas y Duendes&#034; Cit de Sarria (Lugo); los dos finalistas logrado en el Concurso de la Arm\u00f3nica de Constantino Bell\u00f3n en las ediciones de los siglos XVI y XVIII (2006 y 2008), finalista de la 24\u00e9me y 26\u00e9me Cr\u00edticos Interceltique verter soliste gaita Mac Crimmon Lorient 2012 y 2014); Finalista en las ediciones XIII, XVII, XIX y XX del Concurso Arm\u00f3nica Constantino Bell\u00f3n (2003, 2007, 2009 y 2011) y Finalista del primer Concurso de la Arm\u00f3nica &#034;de La Marina de Betanzos&#034;, organizado por el Departamento de la Juventud y de Normalizaci\u00f3n Ling\u00fc\u00edstica de la ciudad de Betanzos (16 de Mayo de 2007).<\/p>\t\t\t\t\t\t\t\t<\/div>\n\t\t\t\t<\/div>\n\t\t\t\t\t<\/div>\n\t\t<\/div>\n\t\t\t\t\t<\/div>\n\t\t<\/section>\n\t\t\t\t<\/div>","protected":false},"excerpt":{"rendered":"<p>Bio Biograf\u00eda Bruno Villamor Gay (Lugo, 1978). Titulado Superior en M\u00fasica na Especialidade de Instrumentos da M\u00fasica Tradicional Galega polo Conservatorio Superior de M\u00fasica de Vigo e Titulado no Grao Profesional de M\u00fasica na Especialidade de Gaita polo Conservatorio Profesional de M\u00fasica de Vilalba. Neto de \u2018O Gaiteiro de Santo Xusto\u2019, ten contacto coa m\u00fasica [&hellip;]<\/p>\n","protected":false},"author":9,"featured_media":0,"parent":0,"menu_order":0,"comment_status":"closed","ping_status":"closed","template":"elementor_header_footer","meta":{"_acf_changed":false,"_joinchat":[],"footnotes":""},"class_list":["post-84","page","type-page","status-publish","hentry"],"acf":[],"yoast_head":"<!-- This site is optimized with the Yoast SEO plugin v27.4 - https:\/\/yoast.com\/product\/yoast-seo-wordpress\/ -->\n<title>Bio - Bruno Villamor Gay<\/title>\n<meta name=\"robots\" content=\"index, follow, max-snippet:-1, max-image-preview:large, max-video-preview:-1\" \/>\n<link rel=\"canonical\" href=\"https:\/\/brunovillamor.gal\/es\/bio\/\" \/>\n<meta property=\"og:locale\" content=\"es_ES\" \/>\n<meta property=\"og:type\" content=\"article\" \/>\n<meta property=\"og:title\" content=\"Bio - Bruno Villamor Gay\" \/>\n<meta property=\"og:description\" content=\"Bio Biograf\u00eda Bruno Villamor Gay (Lugo, 1978). Titulado Superior en M\u00fasica na Especialidade de Instrumentos da M\u00fasica Tradicional Galega polo Conservatorio Superior de M\u00fasica de Vigo e Titulado no Grao Profesional de M\u00fasica na Especialidade de Gaita polo Conservatorio Profesional de M\u00fasica de Vilalba. Neto de \u2018O Gaiteiro de Santo Xusto\u2019, ten contacto coa m\u00fasica [&hellip;]\" \/>\n<meta property=\"og:url\" content=\"https:\/\/brunovillamor.gal\/es\/bio\/\" \/>\n<meta property=\"og:site_name\" content=\"Bruno Villamor Gay\" \/>\n<meta property=\"article:modified_time\" content=\"2025-05-12T14:39:36+00:00\" \/>\n<meta name=\"twitter:card\" content=\"summary_large_image\" \/>\n<meta name=\"twitter:label1\" content=\"Tiempo de lectura\" \/>\n\t<meta name=\"twitter:data1\" content=\"2 minutos\" \/>\n<script type=\"application\/ld+json\" class=\"yoast-schema-graph\">{\"@context\":\"https:\\\/\\\/schema.org\",\"@graph\":[{\"@type\":\"WebPage\",\"@id\":\"https:\\\/\\\/brunovillamor.gal\\\/bio\\\/\",\"url\":\"https:\\\/\\\/brunovillamor.gal\\\/bio\\\/\",\"name\":\"Bio - Bruno Villamor Gay\",\"isPartOf\":{\"@id\":\"https:\\\/\\\/brunovillamor.gal\\\/#website\"},\"datePublished\":\"2025-03-14T16:17:01+00:00\",\"dateModified\":\"2025-05-12T14:39:36+00:00\",\"breadcrumb\":{\"@id\":\"https:\\\/\\\/brunovillamor.gal\\\/bio\\\/#breadcrumb\"},\"inLanguage\":\"es\",\"potentialAction\":[{\"@type\":\"ReadAction\",\"target\":[\"https:\\\/\\\/brunovillamor.gal\\\/bio\\\/\"]}]},{\"@type\":\"BreadcrumbList\",\"@id\":\"https:\\\/\\\/brunovillamor.gal\\\/bio\\\/#breadcrumb\",\"itemListElement\":[{\"@type\":\"ListItem\",\"position\":1,\"name\":\"Portada\",\"item\":\"https:\\\/\\\/brunovillamor.gal\\\/\"},{\"@type\":\"ListItem\",\"position\":2,\"name\":\"Bio\"}]},{\"@type\":\"WebSite\",\"@id\":\"https:\\\/\\\/brunovillamor.gal\\\/#website\",\"url\":\"https:\\\/\\\/brunovillamor.gal\\\/\",\"name\":\"Bruno Villamor Gay\",\"description\":\"\",\"publisher\":{\"@id\":\"https:\\\/\\\/brunovillamor.gal\\\/#organization\"},\"potentialAction\":[{\"@type\":\"SearchAction\",\"target\":{\"@type\":\"EntryPoint\",\"urlTemplate\":\"https:\\\/\\\/brunovillamor.gal\\\/?s={search_term_string}\"},\"query-input\":{\"@type\":\"PropertyValueSpecification\",\"valueRequired\":true,\"valueName\":\"search_term_string\"}}],\"inLanguage\":\"es\"},{\"@type\":\"Organization\",\"@id\":\"https:\\\/\\\/brunovillamor.gal\\\/#organization\",\"name\":\"Bruno Villamor Gay\",\"url\":\"https:\\\/\\\/brunovillamor.gal\\\/\",\"logo\":{\"@type\":\"ImageObject\",\"inLanguage\":\"es\",\"@id\":\"https:\\\/\\\/brunovillamor.gal\\\/#\\\/schema\\\/logo\\\/image\\\/\",\"url\":\"https:\\\/\\\/brunovillamor.gal\\\/wp-content\\\/uploads\\\/2025\\\/01\\\/logo_web-01-scaled.png\",\"contentUrl\":\"https:\\\/\\\/brunovillamor.gal\\\/wp-content\\\/uploads\\\/2025\\\/01\\\/logo_web-01-scaled.png\",\"width\":2048,\"height\":728,\"caption\":\"Bruno Villamor Gay\"},\"image\":{\"@id\":\"https:\\\/\\\/brunovillamor.gal\\\/#\\\/schema\\\/logo\\\/image\\\/\"}}]}<\/script>\n<!-- \/ Yoast SEO plugin. -->","yoast_head_json":{"title":"Bio - Bruno Villamor Gay","robots":{"index":"index","follow":"follow","max-snippet":"max-snippet:-1","max-image-preview":"max-image-preview:large","max-video-preview":"max-video-preview:-1"},"canonical":"https:\/\/brunovillamor.gal\/es\/bio\/","og_locale":"es_ES","og_type":"article","og_title":"Bio - Bruno Villamor Gay","og_description":"Bio Biograf\u00eda Bruno Villamor Gay (Lugo, 1978). Titulado Superior en M\u00fasica na Especialidade de Instrumentos da M\u00fasica Tradicional Galega polo Conservatorio Superior de M\u00fasica de Vigo e Titulado no Grao Profesional de M\u00fasica na Especialidade de Gaita polo Conservatorio Profesional de M\u00fasica de Vilalba. Neto de \u2018O Gaiteiro de Santo Xusto\u2019, ten contacto coa m\u00fasica [&hellip;]","og_url":"https:\/\/brunovillamor.gal\/es\/bio\/","og_site_name":"Bruno Villamor Gay","article_modified_time":"2025-05-12T14:39:36+00:00","twitter_card":"summary_large_image","twitter_misc":{"Tiempo de lectura":"2 minutos"},"schema":{"@context":"https:\/\/schema.org","@graph":[{"@type":"WebPage","@id":"https:\/\/brunovillamor.gal\/bio\/","url":"https:\/\/brunovillamor.gal\/bio\/","name":"Bio - Bruno Villamor Gay","isPartOf":{"@id":"https:\/\/brunovillamor.gal\/#website"},"datePublished":"2025-03-14T16:17:01+00:00","dateModified":"2025-05-12T14:39:36+00:00","breadcrumb":{"@id":"https:\/\/brunovillamor.gal\/bio\/#breadcrumb"},"inLanguage":"es","potentialAction":[{"@type":"ReadAction","target":["https:\/\/brunovillamor.gal\/bio\/"]}]},{"@type":"BreadcrumbList","@id":"https:\/\/brunovillamor.gal\/bio\/#breadcrumb","itemListElement":[{"@type":"ListItem","position":1,"name":"Portada","item":"https:\/\/brunovillamor.gal\/"},{"@type":"ListItem","position":2,"name":"Bio"}]},{"@type":"WebSite","@id":"https:\/\/brunovillamor.gal\/#website","url":"https:\/\/brunovillamor.gal\/","name":"Bruno Villamor Gay","description":"","publisher":{"@id":"https:\/\/brunovillamor.gal\/#organization"},"potentialAction":[{"@type":"SearchAction","target":{"@type":"EntryPoint","urlTemplate":"https:\/\/brunovillamor.gal\/?s={search_term_string}"},"query-input":{"@type":"PropertyValueSpecification","valueRequired":true,"valueName":"search_term_string"}}],"inLanguage":"es"},{"@type":"Organization","@id":"https:\/\/brunovillamor.gal\/#organization","name":"Bruno Villamor Gay","url":"https:\/\/brunovillamor.gal\/","logo":{"@type":"ImageObject","inLanguage":"es","@id":"https:\/\/brunovillamor.gal\/#\/schema\/logo\/image\/","url":"https:\/\/brunovillamor.gal\/wp-content\/uploads\/2025\/01\/logo_web-01-scaled.png","contentUrl":"https:\/\/brunovillamor.gal\/wp-content\/uploads\/2025\/01\/logo_web-01-scaled.png","width":2048,"height":728,"caption":"Bruno Villamor Gay"},"image":{"@id":"https:\/\/brunovillamor.gal\/#\/schema\/logo\/image\/"}}]}},"_links":{"self":[{"href":"https:\/\/brunovillamor.gal\/es\/wp-json\/wp\/v2\/pages\/84","targetHints":{"allow":["GET"]}}],"collection":[{"href":"https:\/\/brunovillamor.gal\/es\/wp-json\/wp\/v2\/pages"}],"about":[{"href":"https:\/\/brunovillamor.gal\/es\/wp-json\/wp\/v2\/types\/page"}],"author":[{"embeddable":true,"href":"https:\/\/brunovillamor.gal\/es\/wp-json\/wp\/v2\/users\/9"}],"replies":[{"embeddable":true,"href":"https:\/\/brunovillamor.gal\/es\/wp-json\/wp\/v2\/comments?post=84"}],"version-history":[{"count":22,"href":"https:\/\/brunovillamor.gal\/es\/wp-json\/wp\/v2\/pages\/84\/revisions"}],"predecessor-version":[{"id":1220,"href":"https:\/\/brunovillamor.gal\/es\/wp-json\/wp\/v2\/pages\/84\/revisions\/1220"}],"wp:attachment":[{"href":"https:\/\/brunovillamor.gal\/es\/wp-json\/wp\/v2\/media?parent=84"}],"curies":[{"name":"wp","href":"https:\/\/api.w.org\/{rel}","templated":true}]}}